{"id":342,"date":"2014-04-13T11:54:56","date_gmt":"2014-04-13T09:54:56","guid":{"rendered":"http:\/\/gocreations.info\/kalliopianthi\/systimiki-anaparastasi\/"},"modified":"2023-02-26T19:37:14","modified_gmt":"2023-02-26T17:37:14","slug":"rodinne-konstelace","status":"publish","type":"page","link":"https:\/\/kalliopi-anthi.gr\/cs\/rodinne-konstelace\/","title":{"rendered":"Konstelace"},"content":{"rendered":"<p><u>Rodinn\u00e9 konstelace<\/u><\/p>\n<p>Rodinn\u00e9 konstelace jsou metoda sebepozn\u00e1v\u00e1n\u00ed, terapie a rozvoje osobnosti, kterou vyvinul n\u011bmeck\u00fd filosof a terapeut Bert Hellinger.<\/p>\n<p>Z\u00e1kladn\u00ed charakteristikou t\u00e9to metody je, \u017ee \u010dlov\u011bka nevn\u00edm\u00e1 pouze jako jednotlivou bytost, ale tak\u00e9 jako neodd\u011blitelnou sou\u010d\u00e1st jeho rodinn\u00e9ho syst\u00e9mu. Jsme propojeni s ostatn\u00edmi rodinn\u00fdmi p\u0159\u00edslu\u0161n\u00edky silou, kter\u00e1 n\u00e1mi v\u0161emi prol\u00edn\u00e1 a p\u0159esahuje n\u00e1s.<\/p>\n<p>Podobn\u011b jako v\u00a0ka\u017ed\u00e9m jin\u00e9m syst\u00e9mu, tak i v\u00a0rodinn\u00e9m, plat\u00ed ur\u010dit\u00e9 \u201enepsan\u00e9 z\u00e1kony\u201c, z\u00a0nich\u017e nejd\u016fle\u017eit\u011bj\u0161\u00ed jsou:<\/p>\n<p>&#8211;\u00a0 pot\u0159eba zajistit celistvost syst\u00e9mu (n\u00e1siln\u00e9 odlou\u010den\u00ed nebo nep\u0159irozen\u00e1 ztr\u00e1ta \u010dlena rodiny zp\u016fsobuje v syst\u00e9mu ur\u010dit\u00e9 \u201evakuum\u201c)<\/p>\n<p>&#8211;\u00a0 pr\u00e1vo jednotliv\u00fdch \u010dlen\u016f b\u00fdt sou\u010d\u00e1st\u00ed rodiny (pokud je n\u011bkdo nap\u0159. vyd\u011bd\u011bn nebo odstr\u010den, vn\u00edm\u00e1 to jako k\u0159ivdu)<\/p>\n<p>&#8211;\u00a0 rovnocennost \u010dlen\u016f<\/p>\n<p>&#8211;\u00a0 \u010dasov\u00e1 hierarchie (pot\u0159eba projevit uzn\u00e1n\u00ed a \u00factu star\u0161\u00edm \u010dlen\u016fm rodiny, nebo osob\u00e1m, kter\u00e9 vstoupily do syst\u00e9mu d\u0159\u00edve)<\/p>\n<p>&#8211;\u00a0 z\u00e1kon rovnov\u00e1hy v\u00a0d\u00e1v\u00e1n\u00ed a p\u0159ij\u00edm\u00e1n\u00ed<\/p>\n<p>&nbsp;<\/p>\n<p>\u010casto jsou probl\u00e9my \u010dlen\u016f rodiny zp\u016fsobeny nev\u011bdom\u00fdm p\u0159ekro\u010den\u00edm t\u011bchto hluboce zako\u0159en\u011bn\u00fdch archetypick\u00fdch z\u00e1kon\u016f, vyjad\u0159uj\u00edc\u00edch <em>\u0159\u00e1d<\/em>. Pokud nap\u0159. n\u011bjak\u00fd \u010dlen rodiny ztratil sv\u00e9 m\u00edsto, proto\u017ee byl odvr\u017een, znev\u00e1\u017een, opu\u0161t\u011bn nebo zapomenut, n\u011bjak\u00fd jin\u00fd p\u0159\u00edbuzn\u00fd, v\u011bt\u0161inou mlad\u0161\u00ed, podv\u011bdom\u011b p\u0159eb\u00edr\u00e1 pocity, emoce a chov\u00e1n\u00ed p\u0159edka, jemu\u017e se stala k\u0159ivda. T\u00edm, \u017ee se mlad\u0161\u00ed p\u0159\u00edbuzn\u00fd identifikuje s\u00a0\u017eivotem a osudem sv\u00e9ho p\u0159edka, vzd\u00e1v\u00e1 se (zpravidla nev\u011bdom\u011b) volby pro sv\u016fj vlastn\u00ed \u017eivot. Tomuto jevu se \u0159\u00edk\u00e1 <em>z\u00e1pletka <\/em>a je zdrojem bolesti a ne\u0161t\u011bst\u00ed. Hlubok\u00fd smutek bez konkr\u00e9tn\u00ed p\u0159\u00ed\u010diny, bezd\u016fvodn\u00e1 agresivita,\u00a0 nevysv\u011btliteln\u00fd, nezvladateln\u00fd strach a \u0159ada dal\u0161\u00edch probl\u00e9m\u016f mohou b\u00fdt ukazatelem, resp. v\u00fdsledkem z\u00e1pletky.<\/p>\n<p>Rodinn\u00e9 konstelace mohou b\u00fdt zam\u011b\u0159en\u00e9 na p\u016fvodn\u00ed rodinu nebo na nov\u00fd rodinn\u00fd syst\u00e9m, zalo\u017een\u00fd s\u00a0partnerem.<\/p>\n<p>&nbsp;<\/p>\n<p><u>Systemick\u00e9 konstelace<\/u><\/p>\n<p>Krom\u011b rodinn\u00e9ho syst\u00e9mu lze zkoumat skrytou dynamiku i v\u00a0syst\u00e9mech jin\u00fdch, jako je nap\u0159. pracovi\u0161t\u011b, \u0161koln\u00ed kolektiv, sportovn\u00ed klub, politick\u00e1 strana \u010di organizace, v\u0161ude, kde chceme porozum\u011bt vztah\u016fm a znovu obnovit \u0159\u00e1d, spolupr\u00e1ci mezi \u010dleny syst\u00e9mu a dobr\u00e9 m\u00edsto pro ka\u017ed\u00e9ho. \u00a0Rovn\u011b\u017e je mo\u017en\u00e9 ud\u011blat konstelaci na\u0161eho vnit\u0159n\u00edho syst\u00e9mu, nap\u0159. nahl\u00e9dnout na r\u016fzn\u00e9 <em>podosobnosti<\/em> (vnit\u0159n\u00ed hlasy), kter\u00e9 se v\u00a0n\u00e1s oz\u00fdvaj\u00ed a ovliv\u0148uj\u00ed na\u0161e volby a jedn\u00e1n\u00ed.<\/p>\n<p>&nbsp;<\/p>\n<p><u>Vnit\u0159n\u00ed obraz situace<\/u><\/p>\n<p>A\u0165 u\u017e v\u011bdom\u011b nebo podv\u011bdom\u011b, nos\u00edme si v\u00a0sob\u011b obraz syst\u00e9mu, do kter\u00e9ho pat\u0159\u00edme. Tento obraz do velk\u00e9 m\u00edry ur\u010duje kvalitu a \u00fasp\u011b\u0161nost na\u0161ich vztah\u016f a na\u0161eho \u017eivota obecn\u011b. \u201eZviditeln\u011bn\u00ed\u201c tohoto obrazu vrh\u00e1 sv\u011btlo na skrytou dynamiku rodiny (pop\u0159. jin\u00e9ho syst\u00e9mu) a pom\u00e1h\u00e1 uvolnit a pos\u00edlit tok l\u00e1sky mezi jej\u00edmi \u010dleny. T\u00edm, \u017ee nakonec ka\u017ed\u00fd najde sv\u00e9 m\u00edsto, to kter\u00e9 mu n\u00e1le\u017e\u00ed a kde se c\u00edt\u00ed dob\u0159e, pos\u00edl\u00ed a zlep\u0161\u00ed vztahy k\u00a0sob\u011b sam\u00e9mu i k\u00a0ostatn\u00edm. Nalezne sebe-v\u011bdom\u00ed.<\/p>\n<p>Z\u00e1kladn\u00edm p\u0159edpokladem k\u00a0tomu, aby se aktivovalo energetick\u00e9 informa\u010dn\u00ed pole dan\u00e9ho syst\u00e9mu, je jasn\u00fd z\u00e1m\u011br klienta, neboli to, \u010demu chce pomoc\u00ed konstelace porozum\u011bt a co si p\u0159eje vy\u0159e\u0161it. V jeho \u017e\u00e1dosti mus\u00ed b\u00fdt c\u00edtit respekt ke v\u0161em \u010dlen\u016fm syst\u00e9mu a tak\u00e9 v\u016fle nal\u00e9zt \u0159e\u0161en\u00ed, kter\u00e9 bude dobr\u00e9 pro v\u0161echny.<\/p>\n<p>&nbsp;<\/p>\n<p><u>Postup<\/u><\/p>\n<p>Z\u00e1jemce o konstelaci si vybere z\u00e1stupce za \u010dleny sv\u00e9 rodiny a vytvo\u0159\u00ed \u201emodel\u201c syst\u00e9mu tak, \u017ee z\u00e1stupce rozestav\u00ed v\u00a0m\u00edstnosti zp\u016fsobem, kter\u00fd odpov\u00edd\u00e1 jeho vnit\u0159n\u00edmu obrazu o rodin\u011b. (Tomu, jak svoji rodinu vn\u00edm\u00e1, nikoliv jak\u00e1 by cht\u011bl, aby byla!) Vzd\u00e1lenost mezi z\u00e1stupci, sm\u011br jak\u00fdm se d\u00edvaj\u00ed a jejich postoj n\u00e1m poskytuj\u00ed prvn\u00ed informace o jejich vz\u00e1jemn\u00fdch vztaz\u00edch. Klient vybere z\u00e1stupce i za sebe samotn\u00e9ho a jakmile dokon\u010d\u00ed rozestav\u011bn\u00ed, odstoup\u00ed a stane se pozorovatelem d\u011bje. Brzy nato z\u00e1stupci za\u010dnou popisovat pocity, kter\u00e9 vn\u00edmaj\u00ed na dan\u00e9m m\u00edst\u011b. Jejich reakce jsou autentick\u00e9 a \u010dasto pom\u011brn\u011b siln\u00e9. Mohou se projevit v\u00fdrazn\u00e9 emoce (nap\u0159. strach \u010di hn\u011bv) nebo t\u011blesn\u00e9 vjemy (nap\u0159. bolest, pocit ochromen\u00ed, chlad), kter\u00e9 b\u00fdvaj\u00ed doprov\u00e1zen\u00e9 v\u011bdom\u00edm, co se v\u00a0dan\u00e9 situaci d\u011bje. \u010casto vych\u00e1z\u00ed najevo, \u017ee v\u00a0rodin\u011b n\u011bkdo chyb\u00ed (nap\u0159. potracen\u00e9 d\u00edt\u011b nebo posti\u017een\u00fd p\u0159\u00edbuzn\u00fd, kter\u00fd byl d\u00e1n do \u00fastavu \u010di n\u011bjak\u00fd p\u0159edek s\u00a0tragick\u00fdm osudem), pop\u0159\u00edpad\u011b se projev\u00ed, \u017ee n\u011bjak\u00fd \u010dlen rodiny p\u0159evzal m\u00edsto v\u00a0syst\u00e9mu, kter\u00e9 n\u00e1le\u017eelo tomuto ztracen\u00e9mu p\u0159\u00edbuzn\u00e9mu. Na z\u00e1klad\u011b t\u011bchto informac\u00ed poradce-terapeut navrhuje r\u016fzn\u00e9 <em>pohyby<\/em>, nap\u0159. n\u011bjak\u00e9 prohl\u00e1\u0161en\u00ed, gesto nebo zm\u011bnu postaven\u00ed v\u00a0syst\u00e9mu. Dopln\u00ed do konstelace chyb\u011bj\u00edc\u00ed \u010dleny, pozoruje reakce z\u00e1stupc\u016f a podporuje jejich pot\u0159ebu naj\u00edt sv\u00e9 \u201eide\u00e1ln\u00ed m\u00edsto\u201c. B\u011bhem tohoto procesu se uvol\u0148uje proud l\u00e1sky a pozitivn\u00edch emoc\u00ed. Z\u00e1v\u011bre\u010dn\u00fd obraz konstelace p\u0159edstavuje tzv. <em>obraz \u0159e\u0161en\u00ed <\/em>a odpov\u00edd\u00e1 situaci, ve kter\u00e9 se v\u0161ichni z\u00e1stupci \u010dlen\u016f rodiny c\u00edt\u00ed dob\u0159e. V\u00a0tento moment je mo\u017en\u00e9, aby klient vstoupil do konstelace a m\u011bl tak mo\u017enost na vlastn\u00ed k\u016f\u017ei pro\u017e\u00edt harmonii, kterou mu p\u0159in\u00e1\u0161\u00ed nov\u00e1 pozice v rodin\u011b. Hojiv\u00fd \u00fa\u010dinek tohoto z\u00e1\u017eitku nepoci\u0165uje pouze klient, p\u0159\u00edtomn\u00fd na konstelaci, ale po n\u011bjak\u00e9 dob\u011b se m\u016f\u017ee projevit i v cel\u00e9m jeho rodinn\u00e9m syst\u00e9mu.<\/p>\n<p>Rodinn\u00e9 i systemick\u00e9 konstelace jsou metodou z\u00e1\u017eitkovou a v\u011bt\u0161inou se prov\u00e1d\u011bj\u00ed ve skupin\u00e1ch. Techniku <em>vstupov\u00e1n\u00ed do<\/em> <em>role<\/em> je v\u0161ak mo\u017en\u00e9 pou\u017e\u00edt i b\u011bhem\u00a0soukrom\u00e9ho sezen\u00ed.<\/p>\n<p>&nbsp;<\/p>\n<p>Konstelace ve skupin\u00e1ch vy\u017eaduje ode v\u0161ech z\u00fa\u010dastn\u011bn\u00fdch pozitivn\u00ed a otev\u0159en\u00fd p\u0159\u00edstup a ochotu z\u00fa\u010dastnit se \u201ecel\u00fdm srdcem\u201c. Z\u00e1kladn\u00edm p\u0159edpokladem je \u00facta k\u00a0jedinci i syst\u00e9mu, do kter\u00e9ho pat\u0159\u00ed, a respekt k\u00a0procesu konstelace, b\u011bhem n\u011bho\u017e \u201edu\u0161e syst\u00e9mu\u201c odkr\u00fdv\u00e1 pohled na \u201estar\u00e1 zran\u011bn\u00ed\u201c (nap\u0159. zrada, k\u0159ivda, nespravedlnost, zlo\u010din, dluhy, nevyj\u00e1d\u0159en\u00e9 emoce, omezuj\u00edc\u00ed p\u0159esv\u011bd\u010den\u00ed apod.) Je pot\u0159eba, aby z\u00fa\u010dastn\u011bn\u00ed p\u0159ijali tento o\u010distn\u00fd, harmonizuj\u00edc\u00ed proces bezezbytku, bez kritick\u00fdch pozn\u00e1mek a soud\u016f t\u00fdkaj\u00edc\u00edch se osudu rodiny klienta. Sou\u010dasn\u011b je podm\u00ednkou naprost\u00e1 diskr\u00e9tnost.<\/p>\n<p>Konstelace je cenn\u00fd z\u00e1\u017eitek, nejen pro klienta a z\u00e1stupce \u010dlen\u016f jeho rodiny, ale tak\u00e9 pro v\u0161echny z\u00fa\u010dastn\u011bn\u00e9 pozorovatele, v\u010detn\u011b poradce-terapeuta. Je to proces, \u010dasto doprov\u00e1zen\u00fd hlubok\u00fdm dojet\u00edm, kter\u00fd n\u00e1m p\u0159in\u00e1\u0161\u00ed pochopen\u00ed souvislost\u00ed, p\u0159ijet\u00ed \u017eivota a jeho dar\u016f a pocit jednoty.<\/p>\n","protected":false},"excerpt":{"rendered":"<p>Rodinn\u00e9 konstelace Rodinn\u00e9 konstelace jsou metoda sebepozn\u00e1v\u00e1n\u00ed, terapie a rozvoje osobnosti, kterou vyvinul n\u011bmeck\u00fd filosof a terapeut Bert Hellinger. Z\u00e1kladn\u00ed charakteristikou t\u00e9to metody je, \u017ee \u010dlov\u011bka nevn\u00edm\u00e1 pouze jako jednotlivou bytost, ale tak\u00e9 jako neodd\u011blitelnou sou\u010d\u00e1st jeho rodinn\u00e9ho syst\u00e9mu. Jsme propojeni s ostatn\u00edmi rodinn\u00fdmi p\u0159\u00edslu\u0161n\u00edky silou, kter\u00e1 n\u00e1mi v\u0161emi prol\u00edn\u00e1 a p\u0159esahuje n\u00e1s. Podobn\u011b jako [&hellip;]<\/p>\n","protected":false},"author":1,"featured_media":0,"parent":0,"menu_order":0,"comment_status":"closed","ping_status":"closed","template":"","meta":{"footnotes":""},"acf":[],"yoast_head":"<!-- This site is optimized with the Yoast SEO plugin v21.3 - https:\/\/yoast.com\/wordpress\/plugins\/seo\/ -->\n<title>Konstelace - Kalliopi Anthi<\/title>\n<meta name=\"robots\" content=\"index, follow, max-snippet:-1, max-image-preview:large, max-video-preview:-1\" \/>\n<link rel=\"canonical\" href=\"https:\/\/kalliopi-anthi.gr\/cs\/rodinne-konstelace\/\" \/>\n<meta property=\"og:locale\" content=\"cs_CZ\" \/>\n<meta property=\"og:type\" content=\"article\" \/>\n<meta property=\"og:title\" content=\"Konstelace - Kalliopi Anthi\" \/>\n<meta property=\"og:description\" content=\"Rodinn\u00e9 konstelace Rodinn\u00e9 konstelace jsou metoda sebepozn\u00e1v\u00e1n\u00ed, terapie a rozvoje osobnosti, kterou vyvinul n\u011bmeck\u00fd filosof a terapeut Bert Hellinger. Z\u00e1kladn\u00ed charakteristikou t\u00e9to metody je, \u017ee \u010dlov\u011bka nevn\u00edm\u00e1 pouze jako jednotlivou bytost, ale tak\u00e9 jako neodd\u011blitelnou sou\u010d\u00e1st jeho rodinn\u00e9ho syst\u00e9mu. Jsme propojeni s ostatn\u00edmi rodinn\u00fdmi p\u0159\u00edslu\u0161n\u00edky silou, kter\u00e1 n\u00e1mi v\u0161emi prol\u00edn\u00e1 a p\u0159esahuje n\u00e1s. Podobn\u011b jako [&hellip;]\" \/>\n<meta property=\"og:url\" content=\"https:\/\/kalliopi-anthi.gr\/cs\/rodinne-konstelace\/\" \/>\n<meta property=\"og:site_name\" content=\"Kalliopi Anthi\" \/>\n<meta property=\"article:modified_time\" content=\"2023-02-26T17:37:14+00:00\" \/>\n<meta property=\"og:image\" content=\"https:\/\/kalliopi-anthi.gr\/wp-content\/uploads\/2018\/12\/IMG_1772-1.jpg\" \/>\n\t<meta property=\"og:image:width\" content=\"2048\" \/>\n\t<meta property=\"og:image:height\" content=\"1536\" \/>\n\t<meta property=\"og:image:type\" content=\"image\/jpeg\" \/>\n<meta name=\"twitter:card\" content=\"summary_large_image\" \/>\n<meta name=\"twitter:label1\" content=\"Odhadovan\u00e1 doba \u010dten\u00ed\" \/>\n\t<meta name=\"twitter:data1\" content=\"6 minut\" \/>\n<script type=\"application\/ld+json\" class=\"yoast-schema-graph\">{\"@context\":\"https:\/\/schema.org\",\"@graph\":[{\"@type\":\"WebPage\",\"@id\":\"https:\/\/kalliopi-anthi.gr\/cs\/rodinne-konstelace\/\",\"url\":\"https:\/\/kalliopi-anthi.gr\/cs\/rodinne-konstelace\/\",\"name\":\"Konstelace - Kalliopi Anthi\",\"isPartOf\":{\"@id\":\"https:\/\/kalliopi-anthi.gr\/#website\"},\"datePublished\":\"2014-04-13T09:54:56+00:00\",\"dateModified\":\"2023-02-26T17:37:14+00:00\",\"breadcrumb\":{\"@id\":\"https:\/\/kalliopi-anthi.gr\/cs\/rodinne-konstelace\/#breadcrumb\"},\"inLanguage\":\"cs\",\"potentialAction\":[{\"@type\":\"ReadAction\",\"target\":[\"https:\/\/kalliopi-anthi.gr\/cs\/rodinne-konstelace\/\"]}]},{\"@type\":\"BreadcrumbList\",\"@id\":\"https:\/\/kalliopi-anthi.gr\/cs\/rodinne-konstelace\/#breadcrumb\",\"itemListElement\":[{\"@type\":\"ListItem\",\"position\":1,\"name\":\"Home\",\"item\":\"https:\/\/kalliopi-anthi.gr\/cs\/\"},{\"@type\":\"ListItem\",\"position\":2,\"name\":\"Konstelace\"}]},{\"@type\":\"WebSite\",\"@id\":\"https:\/\/kalliopi-anthi.gr\/#website\",\"url\":\"https:\/\/kalliopi-anthi.gr\/\",\"name\":\"Kalliopi Anthi\",\"description\":\"Poradce osobn\u00edho rozvoje\",\"potentialAction\":[{\"@type\":\"SearchAction\",\"target\":{\"@type\":\"EntryPoint\",\"urlTemplate\":\"https:\/\/kalliopi-anthi.gr\/?s={search_term_string}\"},\"query-input\":\"required name=search_term_string\"}],\"inLanguage\":\"cs\"}]}<\/script>\n<!-- \/ Yoast SEO plugin. -->","yoast_head_json":{"title":"Konstelace - Kalliopi Anthi","robots":{"index":"index","follow":"follow","max-snippet":"max-snippet:-1","max-image-preview":"max-image-preview:large","max-video-preview":"max-video-preview:-1"},"canonical":"https:\/\/kalliopi-anthi.gr\/cs\/rodinne-konstelace\/","og_locale":"cs_CZ","og_type":"article","og_title":"Konstelace - Kalliopi Anthi","og_description":"Rodinn\u00e9 konstelace Rodinn\u00e9 konstelace jsou metoda sebepozn\u00e1v\u00e1n\u00ed, terapie a rozvoje osobnosti, kterou vyvinul n\u011bmeck\u00fd filosof a terapeut Bert Hellinger. Z\u00e1kladn\u00ed charakteristikou t\u00e9to metody je, \u017ee \u010dlov\u011bka nevn\u00edm\u00e1 pouze jako jednotlivou bytost, ale tak\u00e9 jako neodd\u011blitelnou sou\u010d\u00e1st jeho rodinn\u00e9ho syst\u00e9mu. Jsme propojeni s ostatn\u00edmi rodinn\u00fdmi p\u0159\u00edslu\u0161n\u00edky silou, kter\u00e1 n\u00e1mi v\u0161emi prol\u00edn\u00e1 a p\u0159esahuje n\u00e1s. Podobn\u011b jako [&hellip;]","og_url":"https:\/\/kalliopi-anthi.gr\/cs\/rodinne-konstelace\/","og_site_name":"Kalliopi Anthi","article_modified_time":"2023-02-26T17:37:14+00:00","og_image":[{"width":2048,"height":1536,"url":"https:\/\/kalliopi-anthi.gr\/wp-content\/uploads\/2018\/12\/IMG_1772-1.jpg","type":"image\/jpeg"}],"twitter_card":"summary_large_image","twitter_misc":{"Odhadovan\u00e1 doba \u010dten\u00ed":"6 minut"},"schema":{"@context":"https:\/\/schema.org","@graph":[{"@type":"WebPage","@id":"https:\/\/kalliopi-anthi.gr\/cs\/rodinne-konstelace\/","url":"https:\/\/kalliopi-anthi.gr\/cs\/rodinne-konstelace\/","name":"Konstelace - Kalliopi Anthi","isPartOf":{"@id":"https:\/\/kalliopi-anthi.gr\/#website"},"datePublished":"2014-04-13T09:54:56+00:00","dateModified":"2023-02-26T17:37:14+00:00","breadcrumb":{"@id":"https:\/\/kalliopi-anthi.gr\/cs\/rodinne-konstelace\/#breadcrumb"},"inLanguage":"cs","potentialAction":[{"@type":"ReadAction","target":["https:\/\/kalliopi-anthi.gr\/cs\/rodinne-konstelace\/"]}]},{"@type":"BreadcrumbList","@id":"https:\/\/kalliopi-anthi.gr\/cs\/rodinne-konstelace\/#breadcrumb","itemListElement":[{"@type":"ListItem","position":1,"name":"Home","item":"https:\/\/kalliopi-anthi.gr\/cs\/"},{"@type":"ListItem","position":2,"name":"Konstelace"}]},{"@type":"WebSite","@id":"https:\/\/kalliopi-anthi.gr\/#website","url":"https:\/\/kalliopi-anthi.gr\/","name":"Kalliopi Anthi","description":"Poradce osobn\u00edho rozvoje","potentialAction":[{"@type":"SearchAction","target":{"@type":"EntryPoint","urlTemplate":"https:\/\/kalliopi-anthi.gr\/?s={search_term_string}"},"query-input":"required name=search_term_string"}],"inLanguage":"cs"}]}},"_links":{"self":[{"href":"https:\/\/kalliopi-anthi.gr\/cs\/wp-json\/wp\/v2\/pages\/342"}],"collection":[{"href":"https:\/\/kalliopi-anthi.gr\/cs\/wp-json\/wp\/v2\/pages"}],"about":[{"href":"https:\/\/kalliopi-anthi.gr\/cs\/wp-json\/wp\/v2\/types\/page"}],"author":[{"embeddable":true,"href":"https:\/\/kalliopi-anthi.gr\/cs\/wp-json\/wp\/v2\/users\/1"}],"replies":[{"embeddable":true,"href":"https:\/\/kalliopi-anthi.gr\/cs\/wp-json\/wp\/v2\/comments?post=342"}],"version-history":[{"count":7,"href":"https:\/\/kalliopi-anthi.gr\/cs\/wp-json\/wp\/v2\/pages\/342\/revisions"}],"predecessor-version":[{"id":1870,"href":"https:\/\/kalliopi-anthi.gr\/cs\/wp-json\/wp\/v2\/pages\/342\/revisions\/1870"}],"wp:attachment":[{"href":"https:\/\/kalliopi-anthi.gr\/cs\/wp-json\/wp\/v2\/media?parent=342"}],"curies":[{"name":"wp","href":"https:\/\/api.w.org\/{rel}","templated":true}]}}