{"id":343,"date":"2018-11-21T10:26:24","date_gmt":"2018-11-21T08:26:24","guid":{"rendered":"http:\/\/gocreations.info\/kalliopianthi\/systimiki-anaparastasi\/anaparastasi-paramythion-amp-mython\/"},"modified":"2019-09-20T10:01:00","modified_gmt":"2019-09-20T08:01:00","slug":"anaparastasi-paramythion-amp-mython","status":"publish","type":"page","link":"https:\/\/kalliopi-anthi.gr\/cs\/rodinne-konstelace\/anaparastasi-paramythion-amp-mython\/","title":{"rendered":"Konstelace poh\u00e1dek a b\u00e1j\u00ed"},"content":{"rendered":"<p><span style=\"color: #993300;\"><strong><em>Podobn\u011b jako se film prom\u00edt\u00e1 na pl\u00e1tno, tak se na\u0161e osobn\u00ed p\u0159\u00edb\u011bhy rozv\u00edjej\u00ed\u00a0 na pozad\u00ed kulis m\u00fdt\u016f a poh\u00e1dek&#8230;<\/em><\/strong><\/span><\/p>\n<p>&nbsp;<\/p>\n<p style=\"text-align: center;\"><strong>K\u00a0\u010demu slou\u017e\u00ed?<\/strong><\/p>\n<p><span style=\"color: #000000;\">Konstelace poh\u00e1dek a b\u00e1j\u00ed jsou p\u0159edev\u0161\u00edm velmi zaj\u00edmav\u00e9. Umo\u017enuj\u00ed n\u00e1m nov\u00e9 ne\u010dekan\u00e9 vhledy do hlubok\u00fdch pravd, kter\u00e9 se objevuj\u00ed t\u00e9m\u011b\u0159 \u201emagicky\u201c. Zprost\u0159edkov\u00e1vaj\u00ed obrazy ze sv\u011bta mimo \u010das a prostor, a p\u0159esto se dot\u00fdkaj\u00ed aktu\u00e1ln\u00edch univerz\u00e1ln\u00edch t\u00e9mat. Poh\u00e1dkov\u00e9 p\u0159\u00edb\u011bhy se m\u00eds\u00ed s realitou na\u0161eho b\u011b\u017en\u00e9ho \u017eivota.<\/span><\/p>\n<p><span style=\"color: #000000;\">\u00da\u010dastn\u00edci maj\u00ed mo\u017enost zpracov\u00e1vat sv\u00e1 t\u00e9mata jemn\u011bj\u0161\u00edm a diskr\u00e9tn\u011bj\u0161\u00edm zp\u016fsobem, pomoc\u00ed scen\u00e9rie jako je nap\u0159. kr\u00e1lovstv\u00ed, les, dno oce\u00e1nu apod. Za postavou Kr\u00e1le se pravd\u011bpodobn\u011b skr\u00fdv\u00e1 otec, za Kr\u00e1lovnou miluj\u00edc\u00ed matka a\u00a0 Macecha symbolizuje novou otcovu partnerku anebo aspekt matky, \u010d\u00e1st, kter\u00e1 d\u00edt\u011b odm\u00edt\u00e1 nebo s\u00a0n\u00edm soupe\u0159\u00ed.<\/span><\/p>\n<p><span style=\"color: #000000;\">Tento diskr\u00e9tn\u00ed p\u0159\u00edstup nezp\u016fsobuje nep\u0159\u00edjemn\u00fd pocit, \u017ee prozrazujeme rodinn\u00e1 tajemstv\u00ed a \u201eodhalujeme\u201c na\u0161e nejbli\u017e\u0161\u00ed. Tento pocit toti\u017e \u010dasto brzd\u00ed nov\u00e1\u010dky p\u0159i klasick\u00fdch rodinn\u00fdch konstelac\u00edch, p\u0159inejmen\u0161\u00edm do t\u00e9 doby, ne\u017e si uv\u011bdom\u00ed, \u017ee <strong>v\u0161echny p\u0159\u00edb\u011bhy se n\u00e1s do ur\u010dit\u00e9 m\u00edry t\u00fdkaj\u00ed. <\/strong>Bu\u010f jako sou\u010d\u00e1st \u017eivotn\u00ed zku\u0161enosti na\u0161\u00ed, n\u011bkter\u00e9ho z\u00a0p\u0159edk\u016f nebo milovan\u00e9 osoby, dot\u00fdkaj\u00ed se n\u00e1s v\u00a0hloubi du\u0161e.<\/span><\/p>\n<p>&nbsp;<\/p>\n<p style=\"text-align: center;\"><span style=\"color: #000000;\"><strong>Koho se t\u00fdkaj\u00ed? <\/strong><\/span><\/p>\n<p><span style=\"color: #000000;\">Tento druh konstelac\u00ed je ur\u010den <strong>dosp\u011bl\u00fdm. <\/strong>D\u011bti maj\u00ed sv\u016fj zp\u016fsob, jak vn\u00edmat a t\u011b\u0161it se z\u00a0poh\u00e1dek a nen\u00ed t\u0159eba do toho zasahovat. Ale dosp\u011bl\u00ed se mohou pomoc\u00ed konstelace poh\u00e1dky napojit na sv\u00e9 \u201evnit\u0159n\u00ed d\u00edt\u011b\u201c.<\/span><\/p>\n<p><span style=\"color: #000000;\">Nen\u00ed t\u0159eba \u017e\u00e1dn\u00e9 p\u0159ede\u0161l\u00e9 zku\u0161enosti nebo p\u0159\u00edpravy, na \u00favodu setk\u00e1n\u00ed za\u010d\u00edn\u00e1me p\u0159e\u010dten\u00edm nebo vypr\u00e1v\u011bn\u00edm dan\u00e9ho p\u0159\u00edb\u011bhu.<\/span><\/p>\n<p>&nbsp;<\/p>\n<p style=\"text-align: center;\"><span style=\"color: #000000;\"><strong>Jak to prob\u00edh\u00e1?<\/strong><\/span><\/p>\n<p><span style=\"color: #000000;\">P\u0159i poh\u00e1dkov\u00fdch konstelac\u00edch nevyb\u00edr\u00e1 z\u00e1stupce pro konkr\u00e9tn\u00ed postavy terapeut. <strong>Ka\u017ed\u00fd<\/strong> ze z\u00fa\u010dastn\u011bn\u00fdch <strong>se m\u016f\u017ee naladit na jak\u00e9hokoliv hrdinu<\/strong>, nebo i na jeden jeho aspekt. \u010casto se st\u00e1v\u00e1, \u017ee m\u00e1me 4-5 \u010d\u00e1st\u00ed (postoj\u016f) jedn\u00e9 osoby. N\u011bkdy se mohou objevit i \u010d\u00e1sti, kter\u00e9 nejsou v\u00a0poh\u00e1dce uvedeny, ale jejich p\u0159\u00edtomnost je velmi p\u0159irozen\u00e1 (nap\u0159. vedle poddajn\u00e9, m\u00edrn\u00e9 a trp\u011bliv\u00e9 Popelky se projev\u00ed i jej\u00ed asertivn\u00ed \u010di vzdorn\u00e1 tv\u00e1\u0159).<\/span><\/p>\n<p><span style=\"color: #000000;\">Dialog mezi t\u011bmito \u010d\u00e1stmi napom\u00e1h\u00e1 tomu, aby se vyno\u0159ily na povrch na\u0161e vlastn\u00ed rozpory a vnit\u0159n\u00ed konflikty. D\u00edky <strong>uv\u011bdom\u011bn\u00ed si a vyj\u00e1d\u0159en\u00ed na\u0161ich pocit\u016f<\/strong>, l\u00e9pe rozum\u00edme sami sob\u011b . Doch\u00e1z\u00ed k\u00a0 uvoln\u011bn\u00ed emoc\u00ed, kter\u00e9 mohly b\u00fdt po l\u00e9ta potla\u010den\u00e9.<\/span><\/p>\n<p><span style=\"color: #000000;\">Na konci ka\u017ed\u00e9 konstelace se jednotliv\u00e9 \u010d\u00e1sti spoj\u00ed, v\u0161ichni z\u00fa\u010dastn\u011bn\u00ed nach\u00e1zej\u00ed sv\u00e9 m\u00edsto a p\u0159itom pro\u017e\u00edvaj\u00ed <strong>pocit soun\u00e1le\u017eitosti a celistvosti<\/strong>.<\/span><\/p>\n<p>&nbsp;<\/p>\n<p style=\"text-align: center;\"><span style=\"color: #000000;\"><strong>V\u00fdsledek \u00a0v\u017edy p\u0159ekvap\u00ed<\/strong><\/span><\/p>\n<p><span style=\"color: #000000;\">Zat\u00edmco si\u00a0 ka\u017edou poh\u00e1dku zpravidla spojujeme s n\u011bjak\u00fdm konkr\u00e9tn\u00edm \u201cmravn\u00edm ponau\u010den\u00edm\u201d, p\u0159i konstelaci doch\u00e1z\u00edme k mnoha r\u016fzn\u00fdm verz\u00edm a ka\u017ed\u00fd si tam nach\u00e1z\u00ed sv\u016fj vlastn\u00ed smysl. St\u00e1v\u00e1 se, \u017ee vytvo\u0159\u00edme poh\u00e1dce nov\u00fd, ne\u010dekan\u00fd z\u00e1v\u011br.<\/span><\/p>\n<p><span style=\"color: #000000;\">Poh\u00e1dky, pov\u011bsti a m\u00fdty jsou <strong>p\u0159\u00edb\u011bhy s\u00a0mnoha \u00farovn\u011bmi<\/strong>. Obvykle popisuj\u00ed osobn\u00ed rozvoj a zr\u00e1n\u00ed hlavn\u00edho hrdiny, kter\u00fd p\u0159ekon\u00e1v\u00e1 r\u016fzn\u00e9 n\u00e1strahy a nakonec se mu poda\u0159\u00ed dos\u00e1hnout vyty\u010den\u00e9ho c\u00edle. Krom\u011b ezoterick\u00fdch prvk\u016f hled\u00e1n\u00ed a sebepozn\u00e1v\u00e1n\u00ed, obsahuj\u00ed i rovinu spole\u010denskou, psychologickou aj. V\u00a0m\u00fdtech mohou b\u00fdt uvedeny i historick\u00e9 ud\u00e1losti. Z\u00e1le\u017e\u00ed na tom, jak\u00fdm zp\u016fsobem si vykl\u00e1d\u00e1me jednotliv\u00e9 symboly.<\/span><\/p>\n<p><span style=\"color: #000000;\">Kdy\u017e existuje v\u00edce verz\u00ed jednoho p\u0159\u00edb\u011bhu, vyb\u00edr\u00e1me tu nejstar\u0161\u00ed. To proto, \u017ee nov\u011bj\u0161\u00ed varianty b\u00fdvaj\u00ed \u010dasto zjednodu\u0161en\u00e9 a zkr\u00e1\u0161len\u00e9, aby byly l\u00edbiv\u011bj\u0161\u00ed. Bohu\u017eel se tak ztr\u00e1cej\u00ed d\u016fle\u017eit\u00e9 symboly a b\u00fdvaj\u00ed nahrazov\u00e1ny \u201emravn\u00edmi ponau\u010den\u00edmi\u201c.<\/span><\/p>\n<p><span style=\"color: #000000;\">N\u011bkte\u0159\u00ed \u00fa\u010dastn\u00edci jsou tak nad\u0161en\u00ed poh\u00e1dkov\u00fdmi konstelacemi, \u017ee p\u0159ich\u00e1zej\u00ed opakovan\u011b na stejn\u00e9 p\u0159\u00edb\u011bhy. Ale p\u0159esto to nen\u00ed stejn\u00e9, nebo\u0165 mohou reprezentovat jinou osobu, \u010di jinou \u010d\u00e1st hrdiny. Tak vid\u00ed p\u0159\u00edb\u011bh z\u00a0odli\u0161n\u00e9ho pohledu. D\u011bj se neopakuje, proto\u017ee se do n\u011bj prom\u00edtaj\u00ed \u00a0osobn\u00ed p\u0159\u00edb\u011bhy z\u016f\u010dastn\u011bn\u00fdch.<\/span><\/p>\n<p><span style=\"color: #000000;\">Kouzlo vypr\u00e1v\u011bn\u00ed i samotn\u00e9 poh\u00e1dky a pov\u011bsti napl\u0148uj\u00ed \u010dleny skupiny h\u0159ejiv\u00fdm pocitem pospolitosti, pochopen\u00edm a p\u0159ijet\u00edm, zn\u00e1soben\u00fdm p\u0159edstavou sv\u011bta, kter\u00e9mu d\u00e1v\u00e1me <strong>dobr\u00fd konec<\/strong>.<\/span><\/p>\n<p>&nbsp;<\/p>\n<p><img decoding=\"async\" src=\"https:\/\/kalliopi-anthi.gr\/wp-content\/uploads\/2019\/01\/44898884_2152933034719139_1265379132988981248_n-e1551648858433.jpg\" \/><\/p>\n<p><em>Kresba: Petra Kamen\u00ed\u010dkov\u00e1<\/em><\/p>\n","protected":false},"excerpt":{"rendered":"<p>Podobn\u011b jako se film prom\u00edt\u00e1 na pl\u00e1tno, tak se na\u0161e osobn\u00ed p\u0159\u00edb\u011bhy rozv\u00edjej\u00ed\u00a0 na pozad\u00ed kulis m\u00fdt\u016f a poh\u00e1dek&#8230; &nbsp; K\u00a0\u010demu slou\u017e\u00ed? Konstelace poh\u00e1dek a b\u00e1j\u00ed jsou p\u0159edev\u0161\u00edm velmi zaj\u00edmav\u00e9. Umo\u017enuj\u00ed n\u00e1m nov\u00e9 ne\u010dekan\u00e9 vhledy do hlubok\u00fdch pravd, kter\u00e9 se objevuj\u00ed t\u00e9m\u011b\u0159 \u201emagicky\u201c. Zprost\u0159edkov\u00e1vaj\u00ed obrazy ze sv\u011bta mimo \u010das a prostor, a p\u0159esto se dot\u00fdkaj\u00ed [&hellip;]<\/p>\n","protected":false},"author":1,"featured_media":0,"parent":342,"menu_order":0,"comment_status":"closed","ping_status":"closed","template":"","meta":{"footnotes":""},"acf":[],"yoast_head":"<!-- This site is optimized with the Yoast SEO plugin v21.3 - https:\/\/yoast.com\/wordpress\/plugins\/seo\/ -->\n<title>Konstelace poh\u00e1dek a b\u00e1j\u00ed - Kalliopi Anthi<\/title>\n<meta name=\"robots\" content=\"index, follow, max-snippet:-1, max-image-preview:large, max-video-preview:-1\" \/>\n<link rel=\"canonical\" href=\"https:\/\/kalliopi-anthi.gr\/cs\/rodinne-konstelace\/anaparastasi-paramythion-amp-mython\/\" \/>\n<meta property=\"og:locale\" content=\"cs_CZ\" \/>\n<meta property=\"og:type\" content=\"article\" \/>\n<meta property=\"og:title\" content=\"Konstelace poh\u00e1dek a b\u00e1j\u00ed - Kalliopi Anthi\" \/>\n<meta property=\"og:description\" content=\"Podobn\u011b jako se film prom\u00edt\u00e1 na pl\u00e1tno, tak se na\u0161e osobn\u00ed p\u0159\u00edb\u011bhy rozv\u00edjej\u00ed\u00a0 na pozad\u00ed kulis m\u00fdt\u016f a poh\u00e1dek&#8230; &nbsp; K\u00a0\u010demu slou\u017e\u00ed? Konstelace poh\u00e1dek a b\u00e1j\u00ed jsou p\u0159edev\u0161\u00edm velmi zaj\u00edmav\u00e9. Umo\u017enuj\u00ed n\u00e1m nov\u00e9 ne\u010dekan\u00e9 vhledy do hlubok\u00fdch pravd, kter\u00e9 se objevuj\u00ed t\u00e9m\u011b\u0159 \u201emagicky\u201c. Zprost\u0159edkov\u00e1vaj\u00ed obrazy ze sv\u011bta mimo \u010das a prostor, a p\u0159esto se dot\u00fdkaj\u00ed [&hellip;]\" \/>\n<meta property=\"og:url\" content=\"https:\/\/kalliopi-anthi.gr\/cs\/rodinne-konstelace\/anaparastasi-paramythion-amp-mython\/\" \/>\n<meta property=\"og:site_name\" content=\"Kalliopi Anthi\" \/>\n<meta property=\"article:modified_time\" content=\"2019-09-20T08:01:00+00:00\" \/>\n<meta property=\"og:image\" content=\"https:\/\/kalliopi-anthi.gr\/wp-content\/uploads\/2019\/01\/44898884_2152933034719139_1265379132988981248_n-e1551648858433.jpg\" \/>\n<meta name=\"twitter:card\" content=\"summary_large_image\" \/>\n<meta name=\"twitter:label1\" content=\"Odhadovan\u00e1 doba \u010dten\u00ed\" \/>\n\t<meta name=\"twitter:data1\" content=\"4 minuty\" \/>\n<script type=\"application\/ld+json\" class=\"yoast-schema-graph\">{\"@context\":\"https:\/\/schema.org\",\"@graph\":[{\"@type\":\"WebPage\",\"@id\":\"https:\/\/kalliopi-anthi.gr\/cs\/rodinne-konstelace\/anaparastasi-paramythion-amp-mython\/\",\"url\":\"https:\/\/kalliopi-anthi.gr\/cs\/rodinne-konstelace\/anaparastasi-paramythion-amp-mython\/\",\"name\":\"Konstelace poh\u00e1dek a b\u00e1j\u00ed - Kalliopi Anthi\",\"isPartOf\":{\"@id\":\"https:\/\/kalliopi-anthi.gr\/#website\"},\"datePublished\":\"2018-11-21T08:26:24+00:00\",\"dateModified\":\"2019-09-20T08:01:00+00:00\",\"breadcrumb\":{\"@id\":\"https:\/\/kalliopi-anthi.gr\/cs\/rodinne-konstelace\/anaparastasi-paramythion-amp-mython\/#breadcrumb\"},\"inLanguage\":\"cs\",\"potentialAction\":[{\"@type\":\"ReadAction\",\"target\":[\"https:\/\/kalliopi-anthi.gr\/cs\/rodinne-konstelace\/anaparastasi-paramythion-amp-mython\/\"]}]},{\"@type\":\"BreadcrumbList\",\"@id\":\"https:\/\/kalliopi-anthi.gr\/cs\/rodinne-konstelace\/anaparastasi-paramythion-amp-mython\/#breadcrumb\",\"itemListElement\":[{\"@type\":\"ListItem\",\"position\":1,\"name\":\"Home\",\"item\":\"https:\/\/kalliopi-anthi.gr\/cs\/\"},{\"@type\":\"ListItem\",\"position\":2,\"name\":\"Konstelace\",\"item\":\"https:\/\/kalliopi-anthi.gr\/cs\/rodinne-konstelace\/\"},{\"@type\":\"ListItem\",\"position\":3,\"name\":\"Konstelace poh\u00e1dek a b\u00e1j\u00ed\"}]},{\"@type\":\"WebSite\",\"@id\":\"https:\/\/kalliopi-anthi.gr\/#website\",\"url\":\"https:\/\/kalliopi-anthi.gr\/\",\"name\":\"Kalliopi Anthi\",\"description\":\"Poradce osobn\u00edho rozvoje\",\"potentialAction\":[{\"@type\":\"SearchAction\",\"target\":{\"@type\":\"EntryPoint\",\"urlTemplate\":\"https:\/\/kalliopi-anthi.gr\/?s={search_term_string}\"},\"query-input\":\"required name=search_term_string\"}],\"inLanguage\":\"cs\"}]}<\/script>\n<!-- \/ Yoast SEO plugin. -->","yoast_head_json":{"title":"Konstelace poh\u00e1dek a b\u00e1j\u00ed - Kalliopi Anthi","robots":{"index":"index","follow":"follow","max-snippet":"max-snippet:-1","max-image-preview":"max-image-preview:large","max-video-preview":"max-video-preview:-1"},"canonical":"https:\/\/kalliopi-anthi.gr\/cs\/rodinne-konstelace\/anaparastasi-paramythion-amp-mython\/","og_locale":"cs_CZ","og_type":"article","og_title":"Konstelace poh\u00e1dek a b\u00e1j\u00ed - Kalliopi Anthi","og_description":"Podobn\u011b jako se film prom\u00edt\u00e1 na pl\u00e1tno, tak se na\u0161e osobn\u00ed p\u0159\u00edb\u011bhy rozv\u00edjej\u00ed\u00a0 na pozad\u00ed kulis m\u00fdt\u016f a poh\u00e1dek&#8230; &nbsp; K\u00a0\u010demu slou\u017e\u00ed? Konstelace poh\u00e1dek a b\u00e1j\u00ed jsou p\u0159edev\u0161\u00edm velmi zaj\u00edmav\u00e9. Umo\u017enuj\u00ed n\u00e1m nov\u00e9 ne\u010dekan\u00e9 vhledy do hlubok\u00fdch pravd, kter\u00e9 se objevuj\u00ed t\u00e9m\u011b\u0159 \u201emagicky\u201c. Zprost\u0159edkov\u00e1vaj\u00ed obrazy ze sv\u011bta mimo \u010das a prostor, a p\u0159esto se dot\u00fdkaj\u00ed [&hellip;]","og_url":"https:\/\/kalliopi-anthi.gr\/cs\/rodinne-konstelace\/anaparastasi-paramythion-amp-mython\/","og_site_name":"Kalliopi Anthi","article_modified_time":"2019-09-20T08:01:00+00:00","og_image":[{"url":"https:\/\/kalliopi-anthi.gr\/wp-content\/uploads\/2019\/01\/44898884_2152933034719139_1265379132988981248_n-e1551648858433.jpg"}],"twitter_card":"summary_large_image","twitter_misc":{"Odhadovan\u00e1 doba \u010dten\u00ed":"4 minuty"},"schema":{"@context":"https:\/\/schema.org","@graph":[{"@type":"WebPage","@id":"https:\/\/kalliopi-anthi.gr\/cs\/rodinne-konstelace\/anaparastasi-paramythion-amp-mython\/","url":"https:\/\/kalliopi-anthi.gr\/cs\/rodinne-konstelace\/anaparastasi-paramythion-amp-mython\/","name":"Konstelace poh\u00e1dek a b\u00e1j\u00ed - Kalliopi Anthi","isPartOf":{"@id":"https:\/\/kalliopi-anthi.gr\/#website"},"datePublished":"2018-11-21T08:26:24+00:00","dateModified":"2019-09-20T08:01:00+00:00","breadcrumb":{"@id":"https:\/\/kalliopi-anthi.gr\/cs\/rodinne-konstelace\/anaparastasi-paramythion-amp-mython\/#breadcrumb"},"inLanguage":"cs","potentialAction":[{"@type":"ReadAction","target":["https:\/\/kalliopi-anthi.gr\/cs\/rodinne-konstelace\/anaparastasi-paramythion-amp-mython\/"]}]},{"@type":"BreadcrumbList","@id":"https:\/\/kalliopi-anthi.gr\/cs\/rodinne-konstelace\/anaparastasi-paramythion-amp-mython\/#breadcrumb","itemListElement":[{"@type":"ListItem","position":1,"name":"Home","item":"https:\/\/kalliopi-anthi.gr\/cs\/"},{"@type":"ListItem","position":2,"name":"Konstelace","item":"https:\/\/kalliopi-anthi.gr\/cs\/rodinne-konstelace\/"},{"@type":"ListItem","position":3,"name":"Konstelace poh\u00e1dek a b\u00e1j\u00ed"}]},{"@type":"WebSite","@id":"https:\/\/kalliopi-anthi.gr\/#website","url":"https:\/\/kalliopi-anthi.gr\/","name":"Kalliopi Anthi","description":"Poradce osobn\u00edho rozvoje","potentialAction":[{"@type":"SearchAction","target":{"@type":"EntryPoint","urlTemplate":"https:\/\/kalliopi-anthi.gr\/?s={search_term_string}"},"query-input":"required name=search_term_string"}],"inLanguage":"cs"}]}},"_links":{"self":[{"href":"https:\/\/kalliopi-anthi.gr\/cs\/wp-json\/wp\/v2\/pages\/343"}],"collection":[{"href":"https:\/\/kalliopi-anthi.gr\/cs\/wp-json\/wp\/v2\/pages"}],"about":[{"href":"https:\/\/kalliopi-anthi.gr\/cs\/wp-json\/wp\/v2\/types\/page"}],"author":[{"embeddable":true,"href":"https:\/\/kalliopi-anthi.gr\/cs\/wp-json\/wp\/v2\/users\/1"}],"replies":[{"embeddable":true,"href":"https:\/\/kalliopi-anthi.gr\/cs\/wp-json\/wp\/v2\/comments?post=343"}],"version-history":[{"count":14,"href":"https:\/\/kalliopi-anthi.gr\/cs\/wp-json\/wp\/v2\/pages\/343\/revisions"}],"predecessor-version":[{"id":1055,"href":"https:\/\/kalliopi-anthi.gr\/cs\/wp-json\/wp\/v2\/pages\/343\/revisions\/1055"}],"up":[{"embeddable":true,"href":"https:\/\/kalliopi-anthi.gr\/cs\/wp-json\/wp\/v2\/pages\/342"}],"wp:attachment":[{"href":"https:\/\/kalliopi-anthi.gr\/cs\/wp-json\/wp\/v2\/media?parent=343"}],"curies":[{"name":"wp","href":"https:\/\/api.w.org\/{rel}","templated":true}]}}