{"id":352,"date":"2014-04-13T11:41:27","date_gmt":"2014-04-13T09:41:27","guid":{"rendered":"http:\/\/gocreations.info\/kalliopianthi\/exeidikeymeni-kinisiologia\/"},"modified":"2019-03-18T21:16:49","modified_gmt":"2019-03-18T19:16:49","slug":"metoda-one-brain","status":"publish","type":"page","link":"https:\/\/kalliopi-anthi.gr\/cs\/metoda-one-brain\/","title":{"rendered":"Metoda &#8222;One Brain&#8220;"},"content":{"rendered":"<p style=\"text-align: center;\"><strong><span style=\"color: #993300;\">Co je kineziologie<\/span><\/strong><\/p>\n<p>Kineziologie je obor, kter\u00fd se zab\u00fdv\u00e1 studiem pohybov\u00e9ho syst\u00e9mu lid\u00ed. Zkoum\u00e1 spr\u00e1vnou funkci kost\u00ed a sval\u016f, sleduje mo\u017enosti zdokonalen\u00ed jejich v\u00fdkonu a tak\u00e9 prevenci jejich po\u0161kozen\u00ed.<\/p>\n<p>V dne\u0161n\u00ed dob\u011b se p\u016fvodn\u00ed term\u00edn kineziologie doplnil o nov\u00fd rozm\u011br a zahrnuje metody, kter\u00e9 se pomoc\u00ed zkoum\u00e1n\u00ed odezvy sval\u016f na r\u016fzn\u00e9 podn\u011bty (<i>svalov\u00fd test<\/i>) sna\u017e\u00ed z\u00edskat informace o stavu organismu a naj\u00edt vhodn\u00e9 energetick\u00e9 z\u00e1kroky (<i>korekce<\/i>) k jeho zlep\u0161en\u00ed.<\/p>\n<p style=\"text-align: center;\"><strong><span style=\"color: #993300;\">Metoda\u00a0 &#8222;One Brain&#8220;<\/span><\/strong><\/p>\n<p>Jednou z metod, kter\u00e9 vyu\u017e\u00edvaj\u00ed svalov\u00fd test, je \u201c<b>One Brain<\/b>\u201d (Jednotn\u00fd mozek), kterou vyvinula kalifornsk\u00e1 spole\u010dnost \u201c<b>Three in One Concepts<\/b>\u201d (Koncept t\u0159i v jednom) v 70. letech minul\u00e9ho stolet\u00ed. N\u00e1zev metody symbolizuje ide\u00e1ln\u00ed fungov\u00e1n\u00ed mozku, kdy prav\u00e1 i lev\u00e1 hemisf\u00e9ra dokonale spolupracuj\u00ed. Metoda m\u00e1 za c\u00edl odbourat negativn\u00ed emocion\u00e1ln\u00ed stres, kter\u00fd zp\u016fsobuje nap\u0159. poruchy u\u010den\u00ed, nesoust\u0159ed\u011bnost, \u0161patnou pam\u011b\u0165 a nedostate\u010dnou koordinaci pohyb\u016f.<\/p>\n<p>Metoda \u201c<b>One Brain<\/b>\u201d vn\u00edm\u00e1 lidsk\u00fd mozek jako biologick\u00fd po\u010d\u00edta\u010d, kter\u00fd zaznamen\u00e1v\u00e1 ve\u0161ker\u00e9 \u00fadaje z na\u0161eho \u017eivota a \u0159\u00edd\u00ed na\u0161e t\u011blesn\u00e9 funkce a projevy. Mezi na\u0161imi svaly a mozkem existuje propojen\u00ed, kter\u00e9 n\u00e1m umo\u017e\u0148uje z\u00edskat informace o p\u0159\u00ed\u010din\u011b a dob\u011b vzniku na\u0161ich probl\u00e9m\u016f.<\/p>\n<p>Z\u00e1kladn\u00edmi n\u00e1stroji metody je\u00a0<i>Barometr chov\u00e1n\u00ed\u00a0\u00a0<\/i>(tabulka emoc\u00ed a reakc\u00ed \u2013 chov\u00e1n\u00ed), seznam korekc\u00ed a svalov\u00fd test.<\/p>\n<p>&nbsp;<\/p>\n<p style=\"text-align: center;\"><strong><span style=\"color: #993300;\">Co je svalov\u00fd test<\/span><\/strong><\/p>\n<p><img decoding=\"async\" loading=\"lazy\" class=\"size-medium wp-image-597 alignright\" style=\"text-align: center;\" src=\"https:\/\/kalliopi-anthi.gr\/wp-content\/uploads\/2019\/01\/JEN_0959-300x200.jpg\" alt=\"\" width=\"300\" height=\"200\" srcset=\"https:\/\/kalliopi-anthi.gr\/wp-content\/uploads\/2019\/01\/JEN_0959-300x200.jpg 300w, https:\/\/kalliopi-anthi.gr\/wp-content\/uploads\/2019\/01\/JEN_0959-768x512.jpg 768w, https:\/\/kalliopi-anthi.gr\/wp-content\/uploads\/2019\/01\/JEN_0959-1024x683.jpg 1024w, https:\/\/kalliopi-anthi.gr\/wp-content\/uploads\/2019\/01\/JEN_0959.jpg 2048w\" sizes=\"(max-width: 300px) 100vw, 300px\" \/><\/p>\n<p>Svalov\u00fd test je technika, jak z\u00edskat informace o testovan\u00e9 osob\u011b, kter\u00e9 jsou ulo\u017een\u00e9 v\u00a0jej\u00edm v\u011bdom\u00ed,\u00a0podv\u011bdom\u00ed a na bun\u011b\u010dn\u00e9 \u00farovni. Terapeut p\u016fsob\u00ed jemn\u00fdm tlakem na z\u00e1p\u011bst\u00ed klienta a sleduje zm\u011bnu svalov\u00e9ho nap\u011bt\u00ed. Pozitivn\u00ed podn\u011bty (emoce, vzpom\u00ednky, my\u0161lenky, p\u0159edstavy) svaly pos\u00edl\u00ed, negativn\u00ed oslab\u00ed.<\/p>\n<p>Svaly jsou sou\u010d\u00e1st\u00ed komunika\u010dn\u00edho syst\u00e9mu na\u0161eho t\u011bla. Ve sv\u00fdch bu\u0148k\u00e1ch uchov\u00e1vaj\u00ed informace o na\u0161ich pro\u017eitc\u00edch, a tak\u00e9 z\u00e1znamy o zran\u011bn\u00edch, kter\u00e1 jsme utrp\u011bli b\u011bhem na\u0161eho \u017eivota. Ka\u017ed\u00fd sval si nese z\u00e1znam o sv\u00fdch funkc\u00edch a zku\u0161enostech. Pomoc\u00ed svalov\u00e9ho testu a\u00a0<i>Barometru chov\u00e1n\u00ed<\/i>\u00a0lze s p\u0159esnost\u00ed ur\u010dit emoci, kter\u00e1 zp\u016fsobila energetick\u00fd blok, a podle seznamu korekc\u00ed naj\u00edt zp\u016fsob, jak tento blok jemn\u011b a \u00fa\u010dinn\u011b odstranit.<\/p>\n<p>&nbsp;<\/p>\n<p style=\"text-align: center;\"><strong><span style=\"color: #993300;\">Postup odblokov\u00e1n\u00ed<\/span><\/strong><\/p>\n<p>Velk\u00e1 \u010d\u00e1st z\u00a0na\u0161ich ka\u017edodenn\u00edch pot\u00ed\u017e\u00ed je v\u00fdsledkem bolestn\u00fdch zku\u0161enost\u00ed z\u00a0minulosti. Podv\u011bdom\u011b se toti\u017e vyh\u00fdb\u00e1me situac\u00edm, ve kter\u00fdch bychom znovu mohli pro\u017e\u00edt zklam\u00e1n\u00ed nebo bolest. I kdy\u017e si tyto minul\u00e9 zku\u0161enosti nepamatujeme, (zvl\u00e1\u0161t\u011b, pokud jsou d\u00e1vn\u00e9, nap\u0159. z\u00a0prenat\u00e1ln\u00edho \u017eivota), jsou zaps\u00e1ny v\u00a0pam\u011bti na\u0161eho t\u011bla. Pomoc\u00ed svalov\u00e9ho testu ur\u010d\u00edme dobu, kdy probl\u00e9m vznikl, a provedeme\u00a0<i>v\u011bkovou regresi\u00a0<\/i>(vybav\u00edme si dan\u00e9 obdob\u00ed). V\u00a0tomto obdob\u00ed vykon\u00e1me korekce, kter\u00e9 podpo\u0159\u00ed samol\u00e9\u010d\u00edc\u00ed a harmonizuj\u00edc\u00ed schopnosti klienta. Uv\u011bdom\u011bn\u00ed si skute\u010dn\u00fdch (p\u016fvodn\u00edch) p\u0159\u00ed\u010din pot\u00ed\u017e\u00ed a uvoln\u011bn\u00ed negativn\u00edch emoc\u00ed vede ke zm\u011bn\u011b postoje klienta, kter\u00fd se c\u00edt\u00ed svobodn\u011bj\u0161\u00ed a siln\u011bj\u0161\u00ed, aby u\u010dinil nov\u00e9 volby a aby p\u0159evzal, beze strachu, zodpov\u011bdnost za sv\u016fj \u017eivot. P\u0159ijet\u00edm pozitivn\u011bj\u0161\u00edho postoje k\u00a0sob\u011b sam\u00e9mu se otv\u00edr\u00e1me nov\u00fdm mo\u017enostem, jak maxim\u00e1ln\u011b vyu\u017e\u00edt n\u00e1\u0161 tvo\u0159iv\u00fd potenci\u00e1l a jak se c\u00edtit vyrovnan\u011bj\u0161\u00edmi, \u00fasp\u011b\u0161n\u011bj\u0161\u00edmi a \u0161\u0165astn\u011bj\u0161\u00edmi.<\/p>\n<p>Metoda nepracuje s\u00a0technikami hypn\u00f3zy, cel\u00fd proces je veden \u0161etrn\u011b<i>\u00a0<\/i>a za pln\u00e9ho v\u011bdom\u00ed klienta.<\/p>\n<p>\u201e<b>One Brain<\/b>\u201c byl p\u016fvodn\u011b pou\u017e\u00edv\u00e1n pro odstran\u011bn\u00ed poruch u\u010den\u00ed. Pozd\u011bji vznikla v \u201c<b>Three in One Concepts<\/b>\u201d \u0159ada dal\u0161\u00edch program\u016f, kter\u00e9 vedou k osobn\u00edmu rozvoji a sebepozn\u00e1n\u00ed. Pom\u00e1haj\u00ed n\u00e1m orientovat se v na\u0161ich citech a porozum\u011bt na\u0161emu jedn\u00e1n\u00ed. C\u00edlem je nal\u00e9zt rovnov\u00e1hu na ment\u00e1ln\u00ed, emocion\u00e1ln\u00ed i t\u011blesn\u00e9 \u00farovni a udr\u017eet si v\u011bdom\u00ed toho, \u017ee v\u017edy m\u00e1me VOLBU, a\u010dkoliv ji, pod vlivem stresu, \u010dasto nevid\u00edme.<\/p>\n<p>&nbsp;<\/p>\n<p style=\"text-align: center;\"><strong><span style=\"color: #993300;\">Kde m\u016f\u017ee metoda pomoci<\/span><\/strong><\/p>\n<p><b>\u00a0\u00a0\u00a0\u00a0<\/b>\u00a0M\u016f\u017ee p\u0159isp\u011bt k\u00a0\u0159e\u0161en\u00ed jak\u00e9hokoli probl\u00e9mu, kter\u00fd je spojen se stresem, jak u dosp\u011bl\u00fdch, tak i u d\u011bt\u00ed, jako nap\u0159.:<\/p>\n<ul>\n<li>Poruchy u\u010den\u00ed (probl\u00e9my se psan\u00edm, \u010dten\u00edm, po\u010d\u00edt\u00e1n\u00edm, s\u00a0porozum\u011bn\u00edm atd.)\u00a0 a dyslexie<\/li>\n<li>Hyperaktivita<\/li>\n<li>Agresivita, nezvladateln\u00e9 nebo potla\u010den\u00e9 emoce<\/li>\n<li>Kokt\u00e1n\u00ed, plachost<\/li>\n<li>Stres p\u0159ed zkou\u0161kami, tr\u00e9ma p\u0159ed vystoupen\u00edm<\/li>\n<li>Nedostate\u010dn\u00e9 soust\u0159ed\u011bn\u00ed, zmaten\u00e9 my\u0161len\u00ed a \u0161patn\u00e1 pam\u011b\u0165<\/li>\n<li>Strachy, f\u00f3bie a z\u00e1vislosti<\/li>\n<li>Poruchy p\u0159ij\u00edm\u00e1n\u00ed potravy<\/li>\n<li>N\u00edzk\u00e9 sebev\u011bdom\u00ed<\/li>\n<li>Zklam\u00e1n\u00ed, pesimismus a tendence k depresi<\/li>\n<li>Nespavost, no\u010dn\u00ed m\u016fry<\/li>\n<li>Pot\u00ed\u017ee s aklimatizac\u00ed v nov\u00e9m prost\u0159ed\u00ed \u010di situaci, strach ze zm\u011bny<\/li>\n<li>Probl\u00e9my ve vztaz\u00edch<\/li>\n<li>Nerozhodnost, \u0161patn\u00e1 organizace, neschopnost dodr\u017eet \u010dasov\u00e9 term\u00edny<\/li>\n<li>Nedostate\u010dn\u00e9, stresem ovlivn\u011bn\u00e9, v\u00fdkony ve sportu, um\u011bn\u00ed, hudb\u011b apod.<\/li>\n<li>Psychosomatick\u00e9 symptomy<\/li>\n<\/ul>\n<p>&nbsp;<\/p>\n<p>Metoda nem\u016f\u017ee nahradit odbornou l\u00e9ka\u0159skou p\u00e9\u010di, nediagnostikuje, ani nel\u00e9\u010d\u00ed. Vych\u00e1z\u00ed z p\u0159edpokladu, \u017ee t\u00e9m\u011b\u0159 ka\u017ed\u00fd zdravotn\u00ed problem je spojen s n\u011bjakou emocion\u00e1ln\u00ed p\u0159\u00ed\u010dinou, se stresem. \u201c<b>One Brain<\/b>\u201d hled\u00e1 p\u0159\u00ed\u010dinu probl\u00e9mu. Pokud se ji poda\u0159\u00ed objevit a odstranit, (a pokud nedo\u0161lo k org\u00e1nov\u00e9mu po\u0161kozen\u00ed), mnoh\u00e9 pot\u00ed\u017ee \u010di t\u011blesn\u00e9 symptomy (jako nap\u0159. svalov\u00e9 tenze a bolesti, tiky, pomo\u010dov\u00e1n\u00ed, alergie, opary, premenstrua\u010dn\u00ed syndrom atd.) mohou samy odezn\u00edt.<\/p>\n","protected":false},"excerpt":{"rendered":"<p>Co je kineziologie Kineziologie je obor, kter\u00fd se zab\u00fdv\u00e1 studiem pohybov\u00e9ho syst\u00e9mu lid\u00ed. Zkoum\u00e1 spr\u00e1vnou funkci kost\u00ed a sval\u016f, sleduje mo\u017enosti zdokonalen\u00ed jejich v\u00fdkonu a tak\u00e9 prevenci jejich po\u0161kozen\u00ed. V dne\u0161n\u00ed dob\u011b se p\u016fvodn\u00ed term\u00edn kineziologie doplnil o nov\u00fd rozm\u011br a zahrnuje metody, kter\u00e9 se pomoc\u00ed zkoum\u00e1n\u00ed odezvy sval\u016f na r\u016fzn\u00e9 podn\u011bty (svalov\u00fd test) sna\u017e\u00ed [&hellip;]<\/p>\n","protected":false},"author":1,"featured_media":0,"parent":0,"menu_order":0,"comment_status":"closed","ping_status":"closed","template":"","meta":{"footnotes":""},"acf":[],"yoast_head":"<!-- This site is optimized with the Yoast SEO plugin v21.3 - https:\/\/yoast.com\/wordpress\/plugins\/seo\/ -->\n<title>Metoda &quot;One Brain&quot; - Kalliopi Anthi<\/title>\n<meta name=\"robots\" content=\"index, follow, max-snippet:-1, max-image-preview:large, max-video-preview:-1\" \/>\n<link rel=\"canonical\" href=\"https:\/\/kalliopi-anthi.gr\/cs\/metoda-one-brain\/\" \/>\n<meta property=\"og:locale\" content=\"cs_CZ\" \/>\n<meta property=\"og:type\" content=\"article\" \/>\n<meta property=\"og:title\" content=\"Metoda &quot;One Brain&quot; - Kalliopi Anthi\" \/>\n<meta property=\"og:description\" content=\"Co je kineziologie Kineziologie je obor, kter\u00fd se zab\u00fdv\u00e1 studiem pohybov\u00e9ho syst\u00e9mu lid\u00ed. Zkoum\u00e1 spr\u00e1vnou funkci kost\u00ed a sval\u016f, sleduje mo\u017enosti zdokonalen\u00ed jejich v\u00fdkonu a tak\u00e9 prevenci jejich po\u0161kozen\u00ed. V dne\u0161n\u00ed dob\u011b se p\u016fvodn\u00ed term\u00edn kineziologie doplnil o nov\u00fd rozm\u011br a zahrnuje metody, kter\u00e9 se pomoc\u00ed zkoum\u00e1n\u00ed odezvy sval\u016f na r\u016fzn\u00e9 podn\u011bty (svalov\u00fd test) sna\u017e\u00ed [&hellip;]\" \/>\n<meta property=\"og:url\" content=\"https:\/\/kalliopi-anthi.gr\/cs\/metoda-one-brain\/\" \/>\n<meta property=\"og:site_name\" content=\"Kalliopi Anthi\" \/>\n<meta property=\"article:modified_time\" content=\"2019-03-18T19:16:49+00:00\" \/>\n<meta property=\"og:image\" content=\"https:\/\/kalliopi-anthi.gr\/wp-content\/uploads\/2019\/01\/JEN_0959-300x200.jpg\" \/>\n<meta name=\"twitter:card\" content=\"summary_large_image\" \/>\n<meta name=\"twitter:label1\" content=\"Odhadovan\u00e1 doba \u010dten\u00ed\" \/>\n\t<meta name=\"twitter:data1\" content=\"5 minut\" \/>\n<script type=\"application\/ld+json\" class=\"yoast-schema-graph\">{\"@context\":\"https:\/\/schema.org\",\"@graph\":[{\"@type\":\"WebPage\",\"@id\":\"https:\/\/kalliopi-anthi.gr\/cs\/metoda-one-brain\/\",\"url\":\"https:\/\/kalliopi-anthi.gr\/cs\/metoda-one-brain\/\",\"name\":\"Metoda \\\"One Brain\\\" - Kalliopi Anthi\",\"isPartOf\":{\"@id\":\"https:\/\/kalliopi-anthi.gr\/#website\"},\"datePublished\":\"2014-04-13T09:41:27+00:00\",\"dateModified\":\"2019-03-18T19:16:49+00:00\",\"breadcrumb\":{\"@id\":\"https:\/\/kalliopi-anthi.gr\/cs\/metoda-one-brain\/#breadcrumb\"},\"inLanguage\":\"cs\",\"potentialAction\":[{\"@type\":\"ReadAction\",\"target\":[\"https:\/\/kalliopi-anthi.gr\/cs\/metoda-one-brain\/\"]}]},{\"@type\":\"BreadcrumbList\",\"@id\":\"https:\/\/kalliopi-anthi.gr\/cs\/metoda-one-brain\/#breadcrumb\",\"itemListElement\":[{\"@type\":\"ListItem\",\"position\":1,\"name\":\"Home\",\"item\":\"https:\/\/kalliopi-anthi.gr\/cs\/\"},{\"@type\":\"ListItem\",\"position\":2,\"name\":\"Metoda &#8220;One Brain&#8221;\"}]},{\"@type\":\"WebSite\",\"@id\":\"https:\/\/kalliopi-anthi.gr\/#website\",\"url\":\"https:\/\/kalliopi-anthi.gr\/\",\"name\":\"Kalliopi Anthi\",\"description\":\"Poradce osobn\u00edho rozvoje\",\"potentialAction\":[{\"@type\":\"SearchAction\",\"target\":{\"@type\":\"EntryPoint\",\"urlTemplate\":\"https:\/\/kalliopi-anthi.gr\/?s={search_term_string}\"},\"query-input\":\"required name=search_term_string\"}],\"inLanguage\":\"cs\"}]}<\/script>\n<!-- \/ Yoast SEO plugin. -->","yoast_head_json":{"title":"Metoda \"One Brain\" - Kalliopi Anthi","robots":{"index":"index","follow":"follow","max-snippet":"max-snippet:-1","max-image-preview":"max-image-preview:large","max-video-preview":"max-video-preview:-1"},"canonical":"https:\/\/kalliopi-anthi.gr\/cs\/metoda-one-brain\/","og_locale":"cs_CZ","og_type":"article","og_title":"Metoda \"One Brain\" - Kalliopi Anthi","og_description":"Co je kineziologie Kineziologie je obor, kter\u00fd se zab\u00fdv\u00e1 studiem pohybov\u00e9ho syst\u00e9mu lid\u00ed. Zkoum\u00e1 spr\u00e1vnou funkci kost\u00ed a sval\u016f, sleduje mo\u017enosti zdokonalen\u00ed jejich v\u00fdkonu a tak\u00e9 prevenci jejich po\u0161kozen\u00ed. V dne\u0161n\u00ed dob\u011b se p\u016fvodn\u00ed term\u00edn kineziologie doplnil o nov\u00fd rozm\u011br a zahrnuje metody, kter\u00e9 se pomoc\u00ed zkoum\u00e1n\u00ed odezvy sval\u016f na r\u016fzn\u00e9 podn\u011bty (svalov\u00fd test) sna\u017e\u00ed [&hellip;]","og_url":"https:\/\/kalliopi-anthi.gr\/cs\/metoda-one-brain\/","og_site_name":"Kalliopi Anthi","article_modified_time":"2019-03-18T19:16:49+00:00","og_image":[{"url":"https:\/\/kalliopi-anthi.gr\/wp-content\/uploads\/2019\/01\/JEN_0959-300x200.jpg"}],"twitter_card":"summary_large_image","twitter_misc":{"Odhadovan\u00e1 doba \u010dten\u00ed":"5 minut"},"schema":{"@context":"https:\/\/schema.org","@graph":[{"@type":"WebPage","@id":"https:\/\/kalliopi-anthi.gr\/cs\/metoda-one-brain\/","url":"https:\/\/kalliopi-anthi.gr\/cs\/metoda-one-brain\/","name":"Metoda \"One Brain\" - Kalliopi Anthi","isPartOf":{"@id":"https:\/\/kalliopi-anthi.gr\/#website"},"datePublished":"2014-04-13T09:41:27+00:00","dateModified":"2019-03-18T19:16:49+00:00","breadcrumb":{"@id":"https:\/\/kalliopi-anthi.gr\/cs\/metoda-one-brain\/#breadcrumb"},"inLanguage":"cs","potentialAction":[{"@type":"ReadAction","target":["https:\/\/kalliopi-anthi.gr\/cs\/metoda-one-brain\/"]}]},{"@type":"BreadcrumbList","@id":"https:\/\/kalliopi-anthi.gr\/cs\/metoda-one-brain\/#breadcrumb","itemListElement":[{"@type":"ListItem","position":1,"name":"Home","item":"https:\/\/kalliopi-anthi.gr\/cs\/"},{"@type":"ListItem","position":2,"name":"Metoda &#8220;One Brain&#8221;"}]},{"@type":"WebSite","@id":"https:\/\/kalliopi-anthi.gr\/#website","url":"https:\/\/kalliopi-anthi.gr\/","name":"Kalliopi Anthi","description":"Poradce osobn\u00edho rozvoje","potentialAction":[{"@type":"SearchAction","target":{"@type":"EntryPoint","urlTemplate":"https:\/\/kalliopi-anthi.gr\/?s={search_term_string}"},"query-input":"required name=search_term_string"}],"inLanguage":"cs"}]}},"_links":{"self":[{"href":"https:\/\/kalliopi-anthi.gr\/cs\/wp-json\/wp\/v2\/pages\/352"}],"collection":[{"href":"https:\/\/kalliopi-anthi.gr\/cs\/wp-json\/wp\/v2\/pages"}],"about":[{"href":"https:\/\/kalliopi-anthi.gr\/cs\/wp-json\/wp\/v2\/types\/page"}],"author":[{"embeddable":true,"href":"https:\/\/kalliopi-anthi.gr\/cs\/wp-json\/wp\/v2\/users\/1"}],"replies":[{"embeddable":true,"href":"https:\/\/kalliopi-anthi.gr\/cs\/wp-json\/wp\/v2\/comments?post=352"}],"version-history":[{"count":6,"href":"https:\/\/kalliopi-anthi.gr\/cs\/wp-json\/wp\/v2\/pages\/352\/revisions"}],"predecessor-version":[{"id":743,"href":"https:\/\/kalliopi-anthi.gr\/cs\/wp-json\/wp\/v2\/pages\/352\/revisions\/743"}],"wp:attachment":[{"href":"https:\/\/kalliopi-anthi.gr\/cs\/wp-json\/wp\/v2\/media?parent=352"}],"curies":[{"name":"wp","href":"https:\/\/api.w.org\/{rel}","templated":true}]}}