{"id":353,"date":"2018-11-21T10:28:46","date_gmt":"2018-11-21T08:28:46","guid":{"rendered":"http:\/\/gocreations.info\/kalliopianthi\/rodinne-konstelace\/genika-arthra\/"},"modified":"2018-11-29T08:43:04","modified_gmt":"2018-11-29T06:43:04","slug":"vseobecne-clanky","status":"publish","type":"page","link":"https:\/\/kalliopi-anthi.gr\/cs\/rodinne-konstelace\/vseobecne-clanky\/","title":{"rendered":"V\u0161eobecn\u00e9 \u010dl\u00e1nky"},"content":{"rendered":"","protected":false},"excerpt":{"rendered":"","protected":false},"author":1,"featured_media":0,"parent":342,"menu_order":0,"comment_status":"closed","ping_status":"closed","template":"","meta":{"footnotes":""},"acf":[],"yoast_head":"<!-- This site is optimized with the Yoast SEO plugin v21.3 - https:\/\/yoast.com\/wordpress\/plugins\/seo\/ -->\n<title>V\u0161eobecn\u00e9 \u010dl\u00e1nky - Kalliopi Anthi<\/title>\n<meta name=\"robots\" content=\"index, follow, max-snippet:-1, max-image-preview:large, max-video-preview:-1\" \/>\n<link rel=\"canonical\" href=\"https:\/\/kalliopi-anthi.gr\/cs\/rodinne-konstelace\/vseobecne-clanky\/\" \/>\n<meta property=\"og:locale\" content=\"cs_CZ\" \/>\n<meta property=\"og:type\" content=\"article\" \/>\n<meta property=\"og:title\" content=\"V\u0161eobecn\u00e9 \u010dl\u00e1nky - Kalliopi Anthi\" \/>\n<meta property=\"og:url\" content=\"https:\/\/kalliopi-anthi.gr\/cs\/rodinne-konstelace\/vseobecne-clanky\/\" \/>\n<meta property=\"og:site_name\" content=\"Kalliopi Anthi\" \/>\n<meta property=\"article:modified_time\" content=\"2018-11-29T06:43:04+00:00\" \/>\n<meta property=\"og:image\" content=\"https:\/\/kalliopi-anthi.gr\/wp-content\/uploads\/2018\/12\/IMG_1772-1.jpg\" \/>\n\t<meta property=\"og:image:width\" content=\"2048\" \/>\n\t<meta property=\"og:image:height\" content=\"1536\" \/>\n\t<meta property=\"og:image:type\" content=\"image\/jpeg\" \/>\n<meta name=\"twitter:card\" content=\"summary_large_image\" \/>\n<script type=\"application\/ld+json\" class=\"yoast-schema-graph\">{\"@context\":\"https:\/\/schema.org\",\"@graph\":[{\"@type\":\"WebPage\",\"@id\":\"https:\/\/kalliopi-anthi.gr\/cs\/rodinne-konstelace\/vseobecne-clanky\/\",\"url\":\"https:\/\/kalliopi-anthi.gr\/cs\/rodinne-konstelace\/vseobecne-clanky\/\",\"name\":\"V\u0161eobecn\u00e9 \u010dl\u00e1nky - Kalliopi Anthi\",\"isPartOf\":{\"@id\":\"https:\/\/kalliopi-anthi.gr\/#website\"},\"datePublished\":\"2018-11-21T08:28:46+00:00\",\"dateModified\":\"2018-11-29T06:43:04+00:00\",\"breadcrumb\":{\"@id\":\"https:\/\/kalliopi-anthi.gr\/cs\/rodinne-konstelace\/vseobecne-clanky\/#breadcrumb\"},\"inLanguage\":\"cs\",\"potentialAction\":[{\"@type\":\"ReadAction\",\"target\":[\"https:\/\/kalliopi-anthi.gr\/cs\/rodinne-konstelace\/vseobecne-clanky\/\"]}]},{\"@type\":\"BreadcrumbList\",\"@id\":\"https:\/\/kalliopi-anthi.gr\/cs\/rodinne-konstelace\/vseobecne-clanky\/#breadcrumb\",\"itemListElement\":[{\"@type\":\"ListItem\",\"position\":1,\"name\":\"Home\",\"item\":\"https:\/\/kalliopi-anthi.gr\/cs\/\"},{\"@type\":\"ListItem\",\"position\":2,\"name\":\"Konstelace\",\"item\":\"https:\/\/kalliopi-anthi.gr\/cs\/rodinne-konstelace\/\"},{\"@type\":\"ListItem\",\"position\":3,\"name\":\"V\u0161eobecn\u00e9 \u010dl\u00e1nky\"}]},{\"@type\":\"WebSite\",\"@id\":\"https:\/\/kalliopi-anthi.gr\/#website\",\"url\":\"https:\/\/kalliopi-anthi.gr\/\",\"name\":\"Kalliopi Anthi\",\"description\":\"Poradce osobn\u00edho rozvoje\",\"potentialAction\":[{\"@type\":\"SearchAction\",\"target\":{\"@type\":\"EntryPoint\",\"urlTemplate\":\"https:\/\/kalliopi-anthi.gr\/?s={search_term_string}\"},\"query-input\":\"required name=search_term_string\"}],\"inLanguage\":\"cs\"}]}<\/script>\n<!-- \/ Yoast SEO plugin. -->","yoast_head_json":{"title":"V\u0161eobecn\u00e9 \u010dl\u00e1nky - Kalliopi Anthi","robots":{"index":"index","follow":"follow","max-snippet":"max-snippet:-1","max-image-preview":"max-image-preview:large","max-video-preview":"max-video-preview:-1"},"canonical":"https:\/\/kalliopi-anthi.gr\/cs\/rodinne-konstelace\/vseobecne-clanky\/","og_locale":"cs_CZ","og_type":"article","og_title":"V\u0161eobecn\u00e9 \u010dl\u00e1nky - Kalliopi Anthi","og_url":"https:\/\/kalliopi-anthi.gr\/cs\/rodinne-konstelace\/vseobecne-clanky\/","og_site_name":"Kalliopi Anthi","article_modified_time":"2018-11-29T06:43:04+00:00","og_image":[{"width":2048,"height":1536,"url":"https:\/\/kalliopi-anthi.gr\/wp-content\/uploads\/2018\/12\/IMG_1772-1.jpg","type":"image\/jpeg"}],"twitter_card":"summary_large_image","schema":{"@context":"https:\/\/schema.org","@graph":[{"@type":"WebPage","@id":"https:\/\/kalliopi-anthi.gr\/cs\/rodinne-konstelace\/vseobecne-clanky\/","url":"https:\/\/kalliopi-anthi.gr\/cs\/rodinne-konstelace\/vseobecne-clanky\/","name":"V\u0161eobecn\u00e9 \u010dl\u00e1nky - Kalliopi Anthi","isPartOf":{"@id":"https:\/\/kalliopi-anthi.gr\/#website"},"datePublished":"2018-11-21T08:28:46+00:00","dateModified":"2018-11-29T06:43:04+00:00","breadcrumb":{"@id":"https:\/\/kalliopi-anthi.gr\/cs\/rodinne-konstelace\/vseobecne-clanky\/#breadcrumb"},"inLanguage":"cs","potentialAction":[{"@type":"ReadAction","target":["https:\/\/kalliopi-anthi.gr\/cs\/rodinne-konstelace\/vseobecne-clanky\/"]}]},{"@type":"BreadcrumbList","@id":"https:\/\/kalliopi-anthi.gr\/cs\/rodinne-konstelace\/vseobecne-clanky\/#breadcrumb","itemListElement":[{"@type":"ListItem","position":1,"name":"Home","item":"https:\/\/kalliopi-anthi.gr\/cs\/"},{"@type":"ListItem","position":2,"name":"Konstelace","item":"https:\/\/kalliopi-anthi.gr\/cs\/rodinne-konstelace\/"},{"@type":"ListItem","position":3,"name":"V\u0161eobecn\u00e9 \u010dl\u00e1nky"}]},{"@type":"WebSite","@id":"https:\/\/kalliopi-anthi.gr\/#website","url":"https:\/\/kalliopi-anthi.gr\/","name":"Kalliopi Anthi","description":"Poradce osobn\u00edho rozvoje","potentialAction":[{"@type":"SearchAction","target":{"@type":"EntryPoint","urlTemplate":"https:\/\/kalliopi-anthi.gr\/?s={search_term_string}"},"query-input":"required name=search_term_string"}],"inLanguage":"cs"}]}},"_links":{"self":[{"href":"https:\/\/kalliopi-anthi.gr\/cs\/wp-json\/wp\/v2\/pages\/353"}],"collection":[{"href":"https:\/\/kalliopi-anthi.gr\/cs\/wp-json\/wp\/v2\/pages"}],"about":[{"href":"https:\/\/kalliopi-anthi.gr\/cs\/wp-json\/wp\/v2\/types\/page"}],"author":[{"embeddable":true,"href":"https:\/\/kalliopi-anthi.gr\/cs\/wp-json\/wp\/v2\/users\/1"}],"replies":[{"embeddable":true,"href":"https:\/\/kalliopi-anthi.gr\/cs\/wp-json\/wp\/v2\/comments?post=353"}],"version-history":[{"count":2,"href":"https:\/\/kalliopi-anthi.gr\/cs\/wp-json\/wp\/v2\/pages\/353\/revisions"}],"predecessor-version":[{"id":362,"href":"https:\/\/kalliopi-anthi.gr\/cs\/wp-json\/wp\/v2\/pages\/353\/revisions\/362"}],"up":[{"embeddable":true,"href":"https:\/\/kalliopi-anthi.gr\/cs\/wp-json\/wp\/v2\/pages\/342"}],"wp:attachment":[{"href":"https:\/\/kalliopi-anthi.gr\/cs\/wp-json\/wp\/v2\/media?parent=353"}],"curies":[{"name":"wp","href":"https:\/\/api.w.org\/{rel}","templated":true}]}}