{"id":356,"date":"2014-04-15T09:50:10","date_gmt":"2014-04-15T07:50:10","guid":{"rendered":"http:\/\/gocreations.info\/kalliopianthi\/tragoydia\/"},"modified":"2024-09-04T23:06:35","modified_gmt":"2024-09-04T21:06:35","slug":"pisne","status":"publish","type":"page","link":"https:\/\/kalliopi-anthi.gr\/cs\/pisne\/","title":{"rendered":"Tvorba"},"content":{"rendered":"<p><img decoding=\"async\" loading=\"lazy\" class=\"size-medium wp-image-365 alignleft\" src=\"http:\/\/gocreations.info\/kalliopianthi\/wp-content\/uploads\/2018\/11\/front-300x267.png\" alt=\"\" width=\"300\" height=\"267\" srcset=\"https:\/\/kalliopi-anthi.gr\/wp-content\/uploads\/2018\/11\/front-300x267.png 300w, https:\/\/kalliopi-anthi.gr\/wp-content\/uploads\/2018\/11\/front-768x684.png 768w, https:\/\/kalliopi-anthi.gr\/wp-content\/uploads\/2018\/11\/front-1024x912.png 1024w, https:\/\/kalliopi-anthi.gr\/wp-content\/uploads\/2018\/11\/front.png 2048w\" sizes=\"(max-width: 300px) 100vw, 300px\" \/><img decoding=\"async\" loading=\"lazy\" class=\"alignleft size-medium wp-image-416\" src=\"http:\/\/gocreations.info\/kalliopianthi\/wp-content\/uploads\/2018\/11\/back-300x267.jpg\" alt=\"\" width=\"300\" height=\"267\" srcset=\"https:\/\/kalliopi-anthi.gr\/wp-content\/uploads\/2018\/11\/back-300x267.jpg 300w, https:\/\/kalliopi-anthi.gr\/wp-content\/uploads\/2018\/11\/back-768x683.jpg 768w, https:\/\/kalliopi-anthi.gr\/wp-content\/uploads\/2018\/11\/back-1024x911.jpg 1024w, https:\/\/kalliopi-anthi.gr\/wp-content\/uploads\/2018\/11\/back.jpg 2048w\" sizes=\"(max-width: 300px) 100vw, 300px\" \/><\/p>\n","protected":false},"excerpt":{"rendered":"","protected":false},"author":1,"featured_media":0,"parent":0,"menu_order":0,"comment_status":"open","ping_status":"closed","template":"tragoudi - template.php","meta":{"footnotes":""},"acf":[],"yoast_head":"<!-- This site is optimized with the Yoast SEO plugin v21.3 - https:\/\/yoast.com\/wordpress\/plugins\/seo\/ -->\n<title>Tvorba - Kalliopi Anthi<\/title>\n<meta name=\"robots\" content=\"index, follow, max-snippet:-1, max-image-preview:large, max-video-preview:-1\" \/>\n<link rel=\"canonical\" href=\"https:\/\/kalliopi-anthi.gr\/cs\/pisne\/\" \/>\n<meta property=\"og:locale\" content=\"cs_CZ\" \/>\n<meta property=\"og:type\" content=\"article\" \/>\n<meta property=\"og:title\" content=\"Tvorba - Kalliopi Anthi\" \/>\n<meta property=\"og:url\" content=\"https:\/\/kalliopi-anthi.gr\/cs\/pisne\/\" \/>\n<meta property=\"og:site_name\" content=\"Kalliopi Anthi\" \/>\n<meta property=\"article:modified_time\" content=\"2024-09-04T21:06:35+00:00\" \/>\n<meta property=\"og:image\" content=\"https:\/\/kalliopi-anthi.gr\/wp-content\/uploads\/2018\/11\/front-1024x912.png\" \/>\n\t<meta property=\"og:image:width\" content=\"1024\" \/>\n\t<meta property=\"og:image:height\" content=\"912\" \/>\n\t<meta property=\"og:image:type\" content=\"image\/png\" \/>\n<meta name=\"twitter:card\" content=\"summary_large_image\" \/>\n<meta name=\"twitter:label1\" content=\"Odhadovan\u00e1 doba \u010dten\u00ed\" \/>\n\t<meta name=\"twitter:data1\" content=\"1 minuta\" \/>\n<script type=\"application\/ld+json\" class=\"yoast-schema-graph\">{\"@context\":\"https:\/\/schema.org\",\"@graph\":[{\"@type\":\"WebPage\",\"@id\":\"https:\/\/kalliopi-anthi.gr\/cs\/pisne\/\",\"url\":\"https:\/\/kalliopi-anthi.gr\/cs\/pisne\/\",\"name\":\"Tvorba - Kalliopi Anthi\",\"isPartOf\":{\"@id\":\"https:\/\/kalliopi-anthi.gr\/#website\"},\"datePublished\":\"2014-04-15T07:50:10+00:00\",\"dateModified\":\"2024-09-04T21:06:35+00:00\",\"breadcrumb\":{\"@id\":\"https:\/\/kalliopi-anthi.gr\/cs\/pisne\/#breadcrumb\"},\"inLanguage\":\"cs\",\"potentialAction\":[{\"@type\":\"ReadAction\",\"target\":[\"https:\/\/kalliopi-anthi.gr\/cs\/pisne\/\"]}]},{\"@type\":\"BreadcrumbList\",\"@id\":\"https:\/\/kalliopi-anthi.gr\/cs\/pisne\/#breadcrumb\",\"itemListElement\":[{\"@type\":\"ListItem\",\"position\":1,\"name\":\"Home\",\"item\":\"https:\/\/kalliopi-anthi.gr\/cs\/\"},{\"@type\":\"ListItem\",\"position\":2,\"name\":\"Tvorba\"}]},{\"@type\":\"WebSite\",\"@id\":\"https:\/\/kalliopi-anthi.gr\/#website\",\"url\":\"https:\/\/kalliopi-anthi.gr\/\",\"name\":\"Kalliopi Anthi\",\"description\":\"Poradce osobn\u00edho rozvoje\",\"potentialAction\":[{\"@type\":\"SearchAction\",\"target\":{\"@type\":\"EntryPoint\",\"urlTemplate\":\"https:\/\/kalliopi-anthi.gr\/?s={search_term_string}\"},\"query-input\":\"required name=search_term_string\"}],\"inLanguage\":\"cs\"}]}<\/script>\n<!-- \/ Yoast SEO plugin. -->","yoast_head_json":{"title":"Tvorba - Kalliopi Anthi","robots":{"index":"index","follow":"follow","max-snippet":"max-snippet:-1","max-image-preview":"max-image-preview:large","max-video-preview":"max-video-preview:-1"},"canonical":"https:\/\/kalliopi-anthi.gr\/cs\/pisne\/","og_locale":"cs_CZ","og_type":"article","og_title":"Tvorba - Kalliopi Anthi","og_url":"https:\/\/kalliopi-anthi.gr\/cs\/pisne\/","og_site_name":"Kalliopi Anthi","article_modified_time":"2024-09-04T21:06:35+00:00","og_image":[{"width":1024,"height":912,"url":"https:\/\/kalliopi-anthi.gr\/wp-content\/uploads\/2018\/11\/front-1024x912.png","type":"image\/png"}],"twitter_card":"summary_large_image","twitter_misc":{"Odhadovan\u00e1 doba \u010dten\u00ed":"1 minuta"},"schema":{"@context":"https:\/\/schema.org","@graph":[{"@type":"WebPage","@id":"https:\/\/kalliopi-anthi.gr\/cs\/pisne\/","url":"https:\/\/kalliopi-anthi.gr\/cs\/pisne\/","name":"Tvorba - Kalliopi Anthi","isPartOf":{"@id":"https:\/\/kalliopi-anthi.gr\/#website"},"datePublished":"2014-04-15T07:50:10+00:00","dateModified":"2024-09-04T21:06:35+00:00","breadcrumb":{"@id":"https:\/\/kalliopi-anthi.gr\/cs\/pisne\/#breadcrumb"},"inLanguage":"cs","potentialAction":[{"@type":"ReadAction","target":["https:\/\/kalliopi-anthi.gr\/cs\/pisne\/"]}]},{"@type":"BreadcrumbList","@id":"https:\/\/kalliopi-anthi.gr\/cs\/pisne\/#breadcrumb","itemListElement":[{"@type":"ListItem","position":1,"name":"Home","item":"https:\/\/kalliopi-anthi.gr\/cs\/"},{"@type":"ListItem","position":2,"name":"Tvorba"}]},{"@type":"WebSite","@id":"https:\/\/kalliopi-anthi.gr\/#website","url":"https:\/\/kalliopi-anthi.gr\/","name":"Kalliopi Anthi","description":"Poradce osobn\u00edho rozvoje","potentialAction":[{"@type":"SearchAction","target":{"@type":"EntryPoint","urlTemplate":"https:\/\/kalliopi-anthi.gr\/?s={search_term_string}"},"query-input":"required name=search_term_string"}],"inLanguage":"cs"}]}},"_links":{"self":[{"href":"https:\/\/kalliopi-anthi.gr\/cs\/wp-json\/wp\/v2\/pages\/356"}],"collection":[{"href":"https:\/\/kalliopi-anthi.gr\/cs\/wp-json\/wp\/v2\/pages"}],"about":[{"href":"https:\/\/kalliopi-anthi.gr\/cs\/wp-json\/wp\/v2\/types\/page"}],"author":[{"embeddable":true,"href":"https:\/\/kalliopi-anthi.gr\/cs\/wp-json\/wp\/v2\/users\/1"}],"replies":[{"embeddable":true,"href":"https:\/\/kalliopi-anthi.gr\/cs\/wp-json\/wp\/v2\/comments?post=356"}],"version-history":[{"count":37,"href":"https:\/\/kalliopi-anthi.gr\/cs\/wp-json\/wp\/v2\/pages\/356\/revisions"}],"predecessor-version":[{"id":2016,"href":"https:\/\/kalliopi-anthi.gr\/cs\/wp-json\/wp\/v2\/pages\/356\/revisions\/2016"}],"wp:attachment":[{"href":"https:\/\/kalliopi-anthi.gr\/cs\/wp-json\/wp\/v2\/media?parent=356"}],"curies":[{"name":"wp","href":"https:\/\/api.w.org\/{rel}","templated":true}]}}