{"id":665,"date":"2019-02-02T09:27:38","date_gmt":"2019-02-02T07:27:38","guid":{"rendered":"https:\/\/kalliopi-anthi.gr\/?page_id=665"},"modified":"2021-10-20T22:56:13","modified_gmt":"2021-10-20T20:56:13","slug":"o-mne","status":"publish","type":"page","link":"https:\/\/kalliopi-anthi.gr\/cs\/o-mne\/","title":{"rendered":"O mn\u011b"},"content":{"rendered":"<p>Narodila jsem se v Praze, v roce 1964, \u0159eck\u00fdm rodi\u010d\u016fm. Po maturit\u011b na St\u0159edn\u00ed ekonomick\u00e9 \u0161kole (1982) jsem za\u010dala pracovat v Jedli\u010dkov\u011b \u00fastavu, zpo\u010d\u00e1tku v administrativ\u011b a pozd\u011bji jako pomocn\u00e1 vychovatelka. Sou\u010dasn\u011b jsem p\u0159i zam\u011bstn\u00e1n\u00ed studovala na Karlov\u011b univerzit\u011b obor Speci\u00e1ln\u00ed pedagogika. V roce 1989 jsem vypracovala diplomovou pr\u00e1ci na t\u00e9ma: \u201eOrganizace a v\u00fdvoj speci\u00e1ln\u00ed p\u00e9\u010de v \u0158ecku\u201c a zavr\u0161ila studium z\u00edsk\u00e1n\u00edm titulu Mgr.<\/p>\n<p>Rok nato jsem se odst\u011bhovala do \u0158ecka, na ostrov Korfu. I zde jsem pracovala s posti\u017een\u00fdmi d\u011btmi a mladistv\u00fdmi, v Za\u0159\u00edzen\u00ed pro ml\u00e1de\u017e vy\u017eaduj\u00edc\u00ed zvl\u00e1\u0161tn\u00ed p\u00e9\u010di, jako speci\u00e1ln\u00ed pedagog a logoterapeut. Sou\u010dasn\u011b jsem si zalo\u017eila soukromou poradenskou praxi. V\u00edce ne\u017e 17 let jsem se v\u011bnovala d\u011btem s poruchami sluchu, s t\u011blesn\u00fdm a ment\u00e1ln\u00edm posti\u017een\u00edm, s autismem, s probl\u00e9my u\u010den\u00ed a v\u00fdslovnosti. U\u010dila jsem je mluvit, \u010d\u00edst, ps\u00e1t a v\u011b\u0159it si a sou\u010dasn\u011b se od nich nau\u010dila v\u00e1\u017eit si jedine\u010dnosti ka\u017ed\u00e9ho z nich, respektovat limit jeho mo\u017enost\u00ed a jeho osud.<\/p>\n<p>V roce 1995 jsem nastoupila do soukrom\u00e9 Montessori \u0161kolky, kde jsem si uv\u011bdomila, jak velk\u00fd v\u00fdznam m\u00e1 pocit bezpe\u010d\u00ed a citov\u00e9ho z\u00e1zem\u00ed, aby se mohl naplno rozvinout a vyj\u00e1d\u0159it n\u00e1\u0161 ment\u00e1ln\u00ed potenci\u00e1l. Tehdy jsem v sob\u011b probudila sv\u00e9 \u201evnit\u0159n\u00ed d\u00edt\u011b\u201c.<\/p>\n<p>Od roku 2000 jsem v \u010cech\u00e1ch nav\u0161t\u011bvovala semin\u00e1\u0159e \u201eThree In One Concepts\u201c (kineziologie One Brain) a po 5 letech jsem se stala konzultantkou a instruktorkou t\u00e9to metody.<\/p>\n<p>V obdob\u00ed 2004-2007 jsem se \u00fa\u010dastnila na semin\u00e1\u0159\u00edch Arnolda a Evy Pol\u00edvkov\u00fdch, kte\u0159\u00ed pou\u017e\u00edvali synt\u00e9zu prvk\u016f One brain (svalov\u00e9 testov\u00e1n\u00ed a korekce) s rodinn\u00fdmi konstelacemi Berta Hellingera. Tato metoda m\u011b nadchla, b\u011bhem semin\u00e1\u0159\u016f jsem si uv\u011bdomila, jak hlubok\u00e9 je propojen\u00ed mezi rodinn\u00fdmi p\u0159\u00edslu\u0161n\u00edky a jak siln\u00fd m\u016f\u017ee b\u00fdt vliv nedo\u0159e\u0161en\u00fdch z\u00e1le\u017eitost\u00ed z minulosti na n\u00e1\u0161 sou\u010dasn\u00fd \u017eivot.<\/p>\n<p>V roce 2005 jsem za\u010dala tuto metodu studovat v \u201eInstitutu systemick\u00fdch konstelac\u00ed\u201c v At\u00e9n\u00e1ch, kter\u00fd vede Dimitris Stavropoulos, p\u0159\u00edtel a spolupracovn\u00edk Berta Hellingera. V roce jsem 2010 jsem p\u0159edala z\u00e1v\u011bre\u010dnou pr\u00e1ci \u201eDialog o Monoloz\u00edch\u201c (popis konstelac\u00ed amat\u00e9rsk\u00fdch here\u010dek, kter\u00e9 na Korfu nastudovaly divadeln\u00ed hru Eve Enslerov\u00e9 &#8222;Vagina Monology&#8220;. A rozhovory o tom, jak se po konstelac\u00edch zm\u011bnil jejich osobn\u00ed \u017eivot i hereck\u00fd projev). Od t\u00e9 doby konstelace vyu\u017e\u00edv\u00e1m v pr\u00e1ci s jednotliv\u00fdmi klienty i ve skupin\u011b.<\/p>\n<p>V\u011bnuji se soukrom\u00fdm sezen\u00edm, tvorb\u011b a veden\u00ed semin\u00e1\u0159\u016f, p\u0159edn\u00e1\u0161kov\u00e9 \u010dinnosti pro ve\u0159ejnost a tak\u00e9 p\u00edsemn\u00e9 form\u011b poradenstv\u00ed zdarma, p\u0159edev\u0161\u00edm pro \u010ce\u0161ky a Slovenky \u017eij\u00edc\u00ed v \u0158ecku (Pov\u00edd\u00e1n\u00ed s Kalli).<\/p>\n<p>Moj\u00ed velkou radost\u00ed jsou konstelace poh\u00e1dek a m\u00fdt\u016f, nekone\u010dn\u00e1 studnice nov\u00fdch vhled\u016f a p\u0159ekvapen\u00ed. K n\u011bkter\u00fdm poh\u00e1dk\u00e1m jsem slo\u017eila p\u00edsn\u011b.<\/p>\n","protected":false},"excerpt":{"rendered":"<p>Narodila jsem se v Praze, v roce 1964, \u0159eck\u00fdm rodi\u010d\u016fm. Po maturit\u011b na St\u0159edn\u00ed ekonomick\u00e9 \u0161kole (1982) jsem za\u010dala pracovat v Jedli\u010dkov\u011b \u00fastavu, zpo\u010d\u00e1tku v administrativ\u011b a pozd\u011bji jako pomocn\u00e1 vychovatelka. Sou\u010dasn\u011b jsem p\u0159i zam\u011bstn\u00e1n\u00ed studovala na Karlov\u011b univerzit\u011b obor Speci\u00e1ln\u00ed pedagogika. V roce 1989 jsem vypracovala diplomovou pr\u00e1ci na t\u00e9ma: \u201eOrganizace a v\u00fdvoj speci\u00e1ln\u00ed [&hellip;]<\/p>\n","protected":false},"author":1,"featured_media":0,"parent":0,"menu_order":0,"comment_status":"closed","ping_status":"closed","template":"","meta":{"footnotes":""},"acf":[],"yoast_head":"<!-- This site is optimized with the Yoast SEO plugin v21.3 - https:\/\/yoast.com\/wordpress\/plugins\/seo\/ -->\n<title>O mn\u011b - Kalliopi Anthi<\/title>\n<meta name=\"robots\" content=\"index, follow, max-snippet:-1, max-image-preview:large, max-video-preview:-1\" \/>\n<link rel=\"canonical\" href=\"https:\/\/kalliopi-anthi.gr\/cs\/o-mne\/\" \/>\n<meta property=\"og:locale\" content=\"cs_CZ\" \/>\n<meta property=\"og:type\" content=\"article\" \/>\n<meta property=\"og:title\" content=\"O mn\u011b - Kalliopi Anthi\" \/>\n<meta property=\"og:description\" content=\"Narodila jsem se v Praze, v roce 1964, \u0159eck\u00fdm rodi\u010d\u016fm. Po maturit\u011b na St\u0159edn\u00ed ekonomick\u00e9 \u0161kole (1982) jsem za\u010dala pracovat v Jedli\u010dkov\u011b \u00fastavu, zpo\u010d\u00e1tku v administrativ\u011b a pozd\u011bji jako pomocn\u00e1 vychovatelka. Sou\u010dasn\u011b jsem p\u0159i zam\u011bstn\u00e1n\u00ed studovala na Karlov\u011b univerzit\u011b obor Speci\u00e1ln\u00ed pedagogika. V roce 1989 jsem vypracovala diplomovou pr\u00e1ci na t\u00e9ma: \u201eOrganizace a v\u00fdvoj speci\u00e1ln\u00ed [&hellip;]\" \/>\n<meta property=\"og:url\" content=\"https:\/\/kalliopi-anthi.gr\/cs\/o-mne\/\" \/>\n<meta property=\"og:site_name\" content=\"Kalliopi Anthi\" \/>\n<meta property=\"article:modified_time\" content=\"2021-10-20T20:56:13+00:00\" \/>\n<meta property=\"og:image\" content=\"https:\/\/kalliopi-anthi.gr\/wp-content\/uploads\/2018\/12\/IMG_1772-1.jpg\" \/>\n\t<meta property=\"og:image:width\" content=\"2048\" \/>\n\t<meta property=\"og:image:height\" content=\"1536\" \/>\n\t<meta property=\"og:image:type\" content=\"image\/jpeg\" \/>\n<meta name=\"twitter:card\" content=\"summary_large_image\" \/>\n<meta name=\"twitter:label1\" content=\"Odhadovan\u00e1 doba \u010dten\u00ed\" \/>\n\t<meta name=\"twitter:data1\" content=\"2 minuty\" \/>\n<script type=\"application\/ld+json\" class=\"yoast-schema-graph\">{\"@context\":\"https:\/\/schema.org\",\"@graph\":[{\"@type\":\"WebPage\",\"@id\":\"https:\/\/kalliopi-anthi.gr\/cs\/o-mne\/\",\"url\":\"https:\/\/kalliopi-anthi.gr\/cs\/o-mne\/\",\"name\":\"O mn\u011b - Kalliopi Anthi\",\"isPartOf\":{\"@id\":\"https:\/\/kalliopi-anthi.gr\/#website\"},\"datePublished\":\"2019-02-02T07:27:38+00:00\",\"dateModified\":\"2021-10-20T20:56:13+00:00\",\"breadcrumb\":{\"@id\":\"https:\/\/kalliopi-anthi.gr\/cs\/o-mne\/#breadcrumb\"},\"inLanguage\":\"cs\",\"potentialAction\":[{\"@type\":\"ReadAction\",\"target\":[\"https:\/\/kalliopi-anthi.gr\/cs\/o-mne\/\"]}]},{\"@type\":\"BreadcrumbList\",\"@id\":\"https:\/\/kalliopi-anthi.gr\/cs\/o-mne\/#breadcrumb\",\"itemListElement\":[{\"@type\":\"ListItem\",\"position\":1,\"name\":\"Home\",\"item\":\"https:\/\/kalliopi-anthi.gr\/cs\/\"},{\"@type\":\"ListItem\",\"position\":2,\"name\":\"O mn\u011b\"}]},{\"@type\":\"WebSite\",\"@id\":\"https:\/\/kalliopi-anthi.gr\/#website\",\"url\":\"https:\/\/kalliopi-anthi.gr\/\",\"name\":\"Kalliopi Anthi\",\"description\":\"Poradce osobn\u00edho rozvoje\",\"potentialAction\":[{\"@type\":\"SearchAction\",\"target\":{\"@type\":\"EntryPoint\",\"urlTemplate\":\"https:\/\/kalliopi-anthi.gr\/?s={search_term_string}\"},\"query-input\":\"required name=search_term_string\"}],\"inLanguage\":\"cs\"}]}<\/script>\n<!-- \/ Yoast SEO plugin. -->","yoast_head_json":{"title":"O mn\u011b - Kalliopi Anthi","robots":{"index":"index","follow":"follow","max-snippet":"max-snippet:-1","max-image-preview":"max-image-preview:large","max-video-preview":"max-video-preview:-1"},"canonical":"https:\/\/kalliopi-anthi.gr\/cs\/o-mne\/","og_locale":"cs_CZ","og_type":"article","og_title":"O mn\u011b - Kalliopi Anthi","og_description":"Narodila jsem se v Praze, v roce 1964, \u0159eck\u00fdm rodi\u010d\u016fm. Po maturit\u011b na St\u0159edn\u00ed ekonomick\u00e9 \u0161kole (1982) jsem za\u010dala pracovat v Jedli\u010dkov\u011b \u00fastavu, zpo\u010d\u00e1tku v administrativ\u011b a pozd\u011bji jako pomocn\u00e1 vychovatelka. Sou\u010dasn\u011b jsem p\u0159i zam\u011bstn\u00e1n\u00ed studovala na Karlov\u011b univerzit\u011b obor Speci\u00e1ln\u00ed pedagogika. V roce 1989 jsem vypracovala diplomovou pr\u00e1ci na t\u00e9ma: \u201eOrganizace a v\u00fdvoj speci\u00e1ln\u00ed [&hellip;]","og_url":"https:\/\/kalliopi-anthi.gr\/cs\/o-mne\/","og_site_name":"Kalliopi Anthi","article_modified_time":"2021-10-20T20:56:13+00:00","og_image":[{"width":2048,"height":1536,"url":"https:\/\/kalliopi-anthi.gr\/wp-content\/uploads\/2018\/12\/IMG_1772-1.jpg","type":"image\/jpeg"}],"twitter_card":"summary_large_image","twitter_misc":{"Odhadovan\u00e1 doba \u010dten\u00ed":"2 minuty"},"schema":{"@context":"https:\/\/schema.org","@graph":[{"@type":"WebPage","@id":"https:\/\/kalliopi-anthi.gr\/cs\/o-mne\/","url":"https:\/\/kalliopi-anthi.gr\/cs\/o-mne\/","name":"O mn\u011b - Kalliopi Anthi","isPartOf":{"@id":"https:\/\/kalliopi-anthi.gr\/#website"},"datePublished":"2019-02-02T07:27:38+00:00","dateModified":"2021-10-20T20:56:13+00:00","breadcrumb":{"@id":"https:\/\/kalliopi-anthi.gr\/cs\/o-mne\/#breadcrumb"},"inLanguage":"cs","potentialAction":[{"@type":"ReadAction","target":["https:\/\/kalliopi-anthi.gr\/cs\/o-mne\/"]}]},{"@type":"BreadcrumbList","@id":"https:\/\/kalliopi-anthi.gr\/cs\/o-mne\/#breadcrumb","itemListElement":[{"@type":"ListItem","position":1,"name":"Home","item":"https:\/\/kalliopi-anthi.gr\/cs\/"},{"@type":"ListItem","position":2,"name":"O mn\u011b"}]},{"@type":"WebSite","@id":"https:\/\/kalliopi-anthi.gr\/#website","url":"https:\/\/kalliopi-anthi.gr\/","name":"Kalliopi Anthi","description":"Poradce osobn\u00edho rozvoje","potentialAction":[{"@type":"SearchAction","target":{"@type":"EntryPoint","urlTemplate":"https:\/\/kalliopi-anthi.gr\/?s={search_term_string}"},"query-input":"required name=search_term_string"}],"inLanguage":"cs"}]}},"_links":{"self":[{"href":"https:\/\/kalliopi-anthi.gr\/cs\/wp-json\/wp\/v2\/pages\/665"}],"collection":[{"href":"https:\/\/kalliopi-anthi.gr\/cs\/wp-json\/wp\/v2\/pages"}],"about":[{"href":"https:\/\/kalliopi-anthi.gr\/cs\/wp-json\/wp\/v2\/types\/page"}],"author":[{"embeddable":true,"href":"https:\/\/kalliopi-anthi.gr\/cs\/wp-json\/wp\/v2\/users\/1"}],"replies":[{"embeddable":true,"href":"https:\/\/kalliopi-anthi.gr\/cs\/wp-json\/wp\/v2\/comments?post=665"}],"version-history":[{"count":5,"href":"https:\/\/kalliopi-anthi.gr\/cs\/wp-json\/wp\/v2\/pages\/665\/revisions"}],"predecessor-version":[{"id":1816,"href":"https:\/\/kalliopi-anthi.gr\/cs\/wp-json\/wp\/v2\/pages\/665\/revisions\/1816"}],"wp:attachment":[{"href":"https:\/\/kalliopi-anthi.gr\/cs\/wp-json\/wp\/v2\/media?parent=665"}],"curies":[{"name":"wp","href":"https:\/\/api.w.org\/{rel}","templated":true}]}}